{"id":24356,"date":"2023-08-09T21:49:28","date_gmt":"2023-08-09T21:49:28","guid":{"rendered":"https:\/\/ta3liemshop.com\/rueckgabe-und-rueckerstattungsrichtlinien\/"},"modified":"2024-10-14T15:43:10","modified_gmt":"2024-10-14T15:43:10","slug":"rueckgabe-und-rueckerstattungsrichtlinien","status":"publish","type":"page","link":"https:\/\/ta3liemshop.com\/de\/rueckgabe-und-rueckerstattungsrichtlinien\/","title":{"rendered":"R\u00fcckgabe- und R\u00fcckerstattungsrichtlinien"},"content":{"rendered":"\n<p><strong>WENN UNSERE PRODUKTE NICHT IHREN ERWARTUNGEN ENTSPRECHEN, BIETEN WIR FOLGENDE R\u00dcCKGABEM\u00d6GLICHKEITEN AN:<\/strong><\/p>\n\n<h2 class=\"wp-block-heading\">1- <strong>WENN SIE BESCH\u00c4DIGTE, FEHLERHAFTE ODER FALSCH GELIEFERTE PRODUKTE ERHALTEN HABEN (UNSER FEHLER):<\/strong><\/h2>\n\n<ol class=\"wp-block-list\">\n<li>Wir werden Ihre(n) Artikel gerne durch denselben Artikel ersetzen, der urspr\u00fcnglich bestellt wurde. Sie m\u00fcssen keine zus\u00e4tzlichen Versand- und Bearbeitungskosten zahlen. Ta3liem Shop wird Ihnen ein vorausbezahltes FedEx\/UPS-Etikett zusenden, um das defekte Paket an uns zur\u00fcckzusenden. Wenn der zur\u00fcckgesendete Artikel in funktionsf\u00e4higem\/neuem Zustand ist, wird Ta3liem Shop die Kosten des zu Ihnen gesendeten Versandetiketts von den Kosten des Artikels abziehen, vorausgesetzt, dass alle unten genannten Bedingungen erf\u00fcllt sind.   <\/li>\n\n\n\n<li>Bewahren Sie das Paket so auf, wie es ist, und rufen Sie uns sofort f\u00fcr weitere Unterst\u00fctzung an.<\/li>\n<\/ol>\n\n<h2 class=\"wp-block-heading\">2- <strong>WENN SIE MIT IHREM KAUF UNZUFRIEDEN SIND:<\/strong><\/h2>\n\n<ol class=\"wp-block-list\">\n<li>Wir k\u00f6nnen eine vollst\u00e4ndige R\u00fcckerstattung der Kosten des\/der Artikel(s) anbieten. Die Versand- und Bearbeitungskosten k\u00f6nnen wir jedoch nicht zur\u00fcckerstatten. <\/li>\n\n\n\n<li>Alternativ k\u00f6nnen wir Ihnen auch ein Guthaben f\u00fcr zuk\u00fcnftige Eink\u00e4ufe anbieten.<\/li>\n\n\n\n<li>Wichtig: Um f\u00fcr die oben genannten Optionen in Betracht gezogen zu werden:<\/li>\n\n\n\n<li>DVDs, CDs, Elektronik, VHS-B\u00e4nder, Kassetten oder Spiele und Puzzles m\u00fcssen unge\u00f6ffnet und in ihren originalen, versiegelten (mit Kunststoff umwickelten) Verpackungen sein.<\/li>\n\n\n\n<li>B\u00fccher, Lernkarten, Poster und andere Produkte m\u00fcssen unbeschrieben, unmarkiert, unbesch\u00e4digt und in neuwertigem Zustand sein.<\/li>\n<\/ol>\n\n<h2 class=\"wp-block-heading\">3- <strong>ALLGEMEINE REGELN:<\/strong><\/h2>\n\n<ol class=\"wp-block-list\">\n<li>Artikel, die nicht den oben genannten Bedingungen entsprechen, k\u00f6nnen nicht f\u00fcr eine R\u00fcckerstattung akzeptiert werden.<\/li>\n\n\n\n<li>Artikel werden nach 30 Tagen nach Erhalt der Produkte durch den Kunden nicht mehr f\u00fcr die R\u00fccksendung akzeptiert.<\/li>\n\n\n\n<li>Besch\u00e4digte Produkte (nicht durch unser Verschulden) k\u00f6nnen teilweise oder gar kein Guthaben erhalten.<\/li>\n\n\n\n<li>Sofern das Produkt nicht besch\u00e4digt oder defekt ist, werden folgende Artikel nicht mehr f\u00fcr die R\u00fccksendung akzeptiert, sobald die Originalverpackung ge\u00f6ffnet wurde: Software, Elektronik, CDs, DVDs, Kassetten, VHS-B\u00e4nder und Bundles mit B\u00fcchern und CDs oder B\u00fcchern und DVDs.<\/li>\n\n\n\n<li>Alle zur\u00fcckgegebenen Waren, die eine neue Verpackung oder fehlende Teile ben\u00f6tigen, unterliegen einer maximalen Wiedereinlagerungsgeb\u00fchr von 50%.<\/li>\n\n\n\n<li>Wir akzeptieren kein Produkt, das nicht direkt bei Ta3liem Shop gekauft wurde, und solche Produkte werden abgelehnt.<\/li>\n\n\n\n<li>R\u00fccksendungen gegen Nachnahme werden nicht akzeptiert. Wir akzeptieren keine Pakete mit dem Vermerk &#8222;Retour an Absender&#8220;. <\/li>\n\n\n\n<li>R\u00fccksendungen aus Kanada oder dem Ausland: Bitte kontaktieren Sie Ta3liem Shop per E-Mail (<a href=\"mailto:Contact@Ta3liemShop.com\">Contact@Ta3liemShop.com<\/a>), bevor Sie versenden, um vollst\u00e4ndige Anweisungen zu erhalten.<\/li>\n\n\n\n<li>Sie k\u00f6nnen mit Ihrer R\u00fcckerstattung in Form eines Guthabens auf die urspr\u00fcngliche Zahlungsmethode innerhalb von 7 bis 14 Werktagen rechnen, nachdem wir Ihre R\u00fccksendung erhalten haben.<\/li>\n\n\n\n<li>Gro\u00dfhandels- und Sonderbestellungen k\u00f6nnen nicht zur\u00fcckgegeben werden, es sei denn, sie sind besch\u00e4digt, defekt oder falsch geliefert.<\/li>\n\n\n\n<li>Die bezahlten Versandkosten decken keine Zollgeb\u00fchren, Kosten oder Steuern\/Mehrwertsteuer, die von Ihrem Land erhoben werden. Sie sind f\u00fcr diese Kosten verantwortlich. <\/li>\n\n\n\n<li>Sie k\u00f6nnen den Artikel zur\u00fccksenden, solange er sich in neuem und unbenutztem Zustand befindet. Sie sind sowohl f\u00fcr die urspr\u00fcnglichen Versandkosten als auch f\u00fcr die R\u00fccksendekosten verantwortlich. FedEx kann uns auch etwaige Zoll- oder Steuergeb\u00fchren in Rechnung stellen, die Sie nicht an Ihr Land gezahlt haben oder um sie in die USA zur\u00fcckzubringen. Alle diese Kosten werden vom Gesamtbetrag abgezogen.   <\/li>\n<\/ol>\n","protected":false},"excerpt":{"rendered":"<p>WENN UNSERE PRODUKTE NICHT IHREN ERWARTUNGEN ENTSPRECHEN, BIETEN WIR FOLGENDE R\u00dcCKGABEM\u00d6GLICHKEITEN AN: 1- WENN SIE BESCH\u00c4DIGTE, FEHLERHAFTE ODER FALSCH GELIEFERTE<\/p>\n","protected":false},"author":1,"featured_media":0,"parent":0,"menu_order":0,"comment_status":"closed","ping_status":"closed","template":"","meta":{"footnotes":""},"class_list":["post-24356","page","type-page","status-publish","hentry"],"_links":{"self":[{"href":"https:\/\/ta3liemshop.com\/de\/wp-json\/wp\/v2\/pages\/24356","targetHints":{"allow":["GET"]}}],"collection":[{"href":"https:\/\/ta3liemshop.com\/de\/wp-json\/wp\/v2\/pages"}],"about":[{"href":"https:\/\/ta3liemshop.com\/de\/wp-json\/wp\/v2\/types\/page"}],"author":[{"embeddable":true,"href":"https:\/\/ta3liemshop.com\/de\/wp-json\/wp\/v2\/users\/1"}],"replies":[{"embeddable":true,"href":"https:\/\/ta3liemshop.com\/de\/wp-json\/wp\/v2\/comments?post=24356"}],"version-history":[{"count":0,"href":"https:\/\/ta3liemshop.com\/de\/wp-json\/wp\/v2\/pages\/24356\/revisions"}],"wp:attachment":[{"href":"https:\/\/ta3liemshop.com\/de\/wp-json\/wp\/v2\/media?parent=24356"}],"curies":[{"name":"wp","href":"https:\/\/api.w.org\/{rel}","templated":true}]}}