{"id":24443,"date":"2023-08-14T15:36:31","date_gmt":"2023-08-14T15:36:31","guid":{"rendered":"https:\/\/ta3liemshop.com\/product\/der-islam-ist-unsere-religion-vorbereitungsphase\/"},"modified":"2023-08-14T15:36:31","modified_gmt":"2023-08-14T15:36:31","slug":"der-islam-ist-unsere-religion-vorbereitungsphase","status":"publish","type":"product","link":"https:\/\/ta3liemshop.com\/de\/product\/der-islam-ist-unsere-religion-vorbereitungsphase\/","title":{"rendered":"Der Islam ist unsere Religion \u2013 Vorbereitungsphase"},"content":{"rendered":"<p>Es ist f\u00fcr Kinder im Alter von 5 bis 7 Jahren gedacht. In diesem Niveau lernt das Kind mit den Sinnen H\u00f6ren und Sehen, zu erinnern und zu verstehen, mit Hilfe von ausdrucksvollen Zeichnungen und Farbaktivit\u00e4ten. <\/p>\n","protected":false},"excerpt":{"rendered":"<p>Es ist f\u00fcr Kinder im Alter von 5 bis 7 Jahren gedacht. In diesem Niveau lernt das Kind mit den<\/p>\n","protected":false},"featured_media":24444,"comment_status":"open","ping_status":"closed","template":"","meta":[],"product_brand":[],"product_cat":[458,457],"product_tag":[],"class_list":{"0":"post-24443","1":"product","2":"type-product","3":"status-publish","4":"has-post-thumbnail","6":"product_cat-der-islam-ist-unsere-religion","7":"product_cat-islamische-lehrplaene","9":"first","10":"instock","11":"shipping-taxable","12":"purchasable","13":"product-type-simple"},"_links":{"self":[{"href":"https:\/\/ta3liemshop.com\/de\/wp-json\/wp\/v2\/product\/24443","targetHints":{"allow":["GET"]}}],"collection":[{"href":"https:\/\/ta3liemshop.com\/de\/wp-json\/wp\/v2\/product"}],"about":[{"href":"https:\/\/ta3liemshop.com\/de\/wp-json\/wp\/v2\/types\/product"}],"replies":[{"embeddable":true,"href":"https:\/\/ta3liemshop.com\/de\/wp-json\/wp\/v2\/comments?post=24443"}],"version-history":[{"count":0,"href":"https:\/\/ta3liemshop.com\/de\/wp-json\/wp\/v2\/product\/24443\/revisions"}],"wp:featuredmedia":[{"embeddable":true,"href":"https:\/\/ta3liemshop.com\/de\/wp-json\/wp\/v2\/media\/24444"}],"wp:attachment":[{"href":"https:\/\/ta3liemshop.com\/de\/wp-json\/wp\/v2\/media?parent=24443"}],"wp:term":[{"taxonomy":"product_brand","embeddable":true,"href":"https:\/\/ta3liemshop.com\/de\/wp-json\/wp\/v2\/product_brand?post=24443"},{"taxonomy":"product_cat","embeddable":true,"href":"https:\/\/ta3liemshop.com\/de\/wp-json\/wp\/v2\/product_cat?post=24443"},{"taxonomy":"product_tag","embeddable":true,"href":"https:\/\/ta3liemshop.com\/de\/wp-json\/wp\/v2\/product_tag?post=24443"}],"curies":[{"name":"wp","href":"https:\/\/api.w.org\/{rel}","templated":true}]}}