{"id":24454,"date":"2023-08-14T15:17:14","date_gmt":"2023-08-14T15:17:14","guid":{"rendered":"https:\/\/ta3liemshop.com\/product\/der-islam-ist-unsere-religion-phase-eins-1\/"},"modified":"2023-08-14T15:17:14","modified_gmt":"2023-08-14T15:17:14","slug":"der-islam-ist-unsere-religion-phase-eins-1","status":"publish","type":"product","link":"https:\/\/ta3liemshop.com\/de\/product\/der-islam-ist-unsere-religion-phase-eins-1\/","title":{"rendered":"Der Islam ist unsere Religion \u2013 Phase eins (1)"},"content":{"rendered":"<p>In diesem Niveau kann das Kind die W\u00f6rter lesen, die ihm helfen, die W\u00f6rter zu verstehen und zu erinnern, und ihm eine gewisse Unabh\u00e4ngigkeit in seinem Fortschritt geben. Das Kind beginnt allm\u00e4hlich, zwischen den Themen zu unterscheiden, sowie zu lernen, was es in jedem Thema lernen wird. <\/p>\n","protected":false},"excerpt":{"rendered":"<p>In diesem Niveau kann das Kind die W\u00f6rter lesen, die ihm helfen, die W\u00f6rter zu verstehen und zu erinnern, und<\/p>\n","protected":false},"featured_media":24455,"comment_status":"open","ping_status":"closed","template":"","meta":[],"product_brand":[],"product_cat":[458,457],"product_tag":[],"class_list":{"0":"post-24454","1":"product","2":"type-product","3":"status-publish","4":"has-post-thumbnail","6":"product_cat-der-islam-ist-unsere-religion","7":"product_cat-islamische-lehrplaene","9":"first","10":"instock","11":"shipping-taxable","12":"purchasable","13":"product-type-simple"},"_links":{"self":[{"href":"https:\/\/ta3liemshop.com\/de\/wp-json\/wp\/v2\/product\/24454","targetHints":{"allow":["GET"]}}],"collection":[{"href":"https:\/\/ta3liemshop.com\/de\/wp-json\/wp\/v2\/product"}],"about":[{"href":"https:\/\/ta3liemshop.com\/de\/wp-json\/wp\/v2\/types\/product"}],"replies":[{"embeddable":true,"href":"https:\/\/ta3liemshop.com\/de\/wp-json\/wp\/v2\/comments?post=24454"}],"version-history":[{"count":0,"href":"https:\/\/ta3liemshop.com\/de\/wp-json\/wp\/v2\/product\/24454\/revisions"}],"wp:featuredmedia":[{"embeddable":true,"href":"https:\/\/ta3liemshop.com\/de\/wp-json\/wp\/v2\/media\/24455"}],"wp:attachment":[{"href":"https:\/\/ta3liemshop.com\/de\/wp-json\/wp\/v2\/media?parent=24454"}],"wp:term":[{"taxonomy":"product_brand","embeddable":true,"href":"https:\/\/ta3liemshop.com\/de\/wp-json\/wp\/v2\/product_brand?post=24454"},{"taxonomy":"product_cat","embeddable":true,"href":"https:\/\/ta3liemshop.com\/de\/wp-json\/wp\/v2\/product_cat?post=24454"},{"taxonomy":"product_tag","embeddable":true,"href":"https:\/\/ta3liemshop.com\/de\/wp-json\/wp\/v2\/product_tag?post=24454"}],"curies":[{"name":"wp","href":"https:\/\/api.w.org\/{rel}","templated":true}]}}