{"id":24467,"date":"2023-08-14T15:02:36","date_gmt":"2023-08-14T15:02:36","guid":{"rendered":"https:\/\/ta3liemshop.com\/product\/der-islam-ist-unsere-religion-phase-zwei-2\/"},"modified":"2023-08-14T15:02:36","modified_gmt":"2023-08-14T15:02:36","slug":"der-islam-ist-unsere-religion-phase-zwei-2","status":"publish","type":"product","link":"https:\/\/ta3liemshop.com\/de\/product\/der-islam-ist-unsere-religion-phase-zwei-2\/","title":{"rendered":"Der Islam ist unsere Religion \u2013 Phase zwei (2)"},"content":{"rendered":"<p>In der Glaubensach erh\u00e4lt das Kind Kenntnis von seinem Sch\u00f6pfer, preisen Sie Ihn, und in der Biografieach lernt es \u00fcber seinen Propheten, m\u00f6ge Gott ihn segnen und Frieden schenken. In der Anbetungsach lernt es die S\u00e4ulen des Islam, und im Bereich der Ethik lernt es Manieren, gutes Benehmen und freundlichen Umgang.<\/p>\n","protected":false},"excerpt":{"rendered":"<p>In der Glaubensach erh\u00e4lt das Kind Kenntnis von seinem Sch\u00f6pfer, preisen Sie Ihn, und in der Biografieach lernt es \u00fcber<\/p>\n","protected":false},"featured_media":24468,"comment_status":"open","ping_status":"closed","template":"","meta":[],"product_brand":[],"product_cat":[458,457],"product_tag":[],"class_list":{"0":"post-24467","1":"product","2":"type-product","3":"status-publish","4":"has-post-thumbnail","6":"product_cat-der-islam-ist-unsere-religion","7":"product_cat-islamische-lehrplaene","9":"first","10":"instock","11":"shipping-taxable","12":"purchasable","13":"product-type-simple"},"_links":{"self":[{"href":"https:\/\/ta3liemshop.com\/de\/wp-json\/wp\/v2\/product\/24467","targetHints":{"allow":["GET"]}}],"collection":[{"href":"https:\/\/ta3liemshop.com\/de\/wp-json\/wp\/v2\/product"}],"about":[{"href":"https:\/\/ta3liemshop.com\/de\/wp-json\/wp\/v2\/types\/product"}],"replies":[{"embeddable":true,"href":"https:\/\/ta3liemshop.com\/de\/wp-json\/wp\/v2\/comments?post=24467"}],"version-history":[{"count":0,"href":"https:\/\/ta3liemshop.com\/de\/wp-json\/wp\/v2\/product\/24467\/revisions"}],"wp:featuredmedia":[{"embeddable":true,"href":"https:\/\/ta3liemshop.com\/de\/wp-json\/wp\/v2\/media\/24468"}],"wp:attachment":[{"href":"https:\/\/ta3liemshop.com\/de\/wp-json\/wp\/v2\/media?parent=24467"}],"wp:term":[{"taxonomy":"product_brand","embeddable":true,"href":"https:\/\/ta3liemshop.com\/de\/wp-json\/wp\/v2\/product_brand?post=24467"},{"taxonomy":"product_cat","embeddable":true,"href":"https:\/\/ta3liemshop.com\/de\/wp-json\/wp\/v2\/product_cat?post=24467"},{"taxonomy":"product_tag","embeddable":true,"href":"https:\/\/ta3liemshop.com\/de\/wp-json\/wp\/v2\/product_tag?post=24467"}],"curies":[{"name":"wp","href":"https:\/\/api.w.org\/{rel}","templated":true}]}}