{"id":24548,"date":"2023-08-11T11:43:44","date_gmt":"2023-08-11T11:43:44","guid":{"rendered":"https:\/\/ta3liemshop.com\/product\/al-qaida-al-nouraniya-und-seine-anwendungen-auf-al-zahra-die-zweite-sure-al-imran\/"},"modified":"2023-08-11T11:43:44","modified_gmt":"2023-08-11T11:43:44","slug":"al-qaida-al-nouraniya-und-seine-anwendungen-auf-al-zahra-die-zweite-sure-al-imran","status":"publish","type":"product","link":"https:\/\/ta3liemshop.com\/de\/product\/al-qaida-al-nouraniya-und-seine-anwendungen-auf-al-zahra-die-zweite-sure-al-imran\/","title":{"rendered":"Al-Qaida Al-Nouraniya und seine Anwendungen auf Al-Zahra die zweite Sure Al-Imran."},"content":{"rendered":"<p>Eine der besten Quellen zum Lesen und Erlernen des Arabischen ist das Buch Al-Qaida Al-Nouraniya und seine Anwendungen auf Al-Zahra, die zweite Sure Al-Imran&#8230; Ein wichtiges Exemplar und n\u00fctzliche Referenz f\u00fcr alle, die Arabisch, Al-Qaida Al-Nouraniya und Al-Quran Al-Kareem lernen m\u00f6chten. <\/p>\n","protected":false},"excerpt":{"rendered":"<p>Eine der besten Quellen zum Lesen und Erlernen des Arabischen ist das Buch Al-Qaida Al-Nouraniya und seine Anwendungen auf Al-Zahra,<\/p>\n","protected":false},"featured_media":24549,"comment_status":"open","ping_status":"closed","template":"","meta":[],"product_brand":[],"product_cat":[469,493,461,489,462],"product_tag":[],"class_list":{"0":"post-24548","1":"product","2":"type-product","3":"status-publish","4":"has-post-thumbnail","6":"product_cat-al-nouraniya","7":"product_cat-al-nouraniya-fuer-erwachsene","8":"product_cat-arabische-lehrplaene","9":"product_cat-fuer-erwachsene","10":"product_cat-suche-nach-lehrmethode","12":"first","13":"instock","14":"shipping-taxable","15":"purchasable","16":"product-type-simple"},"_links":{"self":[{"href":"https:\/\/ta3liemshop.com\/de\/wp-json\/wp\/v2\/product\/24548","targetHints":{"allow":["GET"]}}],"collection":[{"href":"https:\/\/ta3liemshop.com\/de\/wp-json\/wp\/v2\/product"}],"about":[{"href":"https:\/\/ta3liemshop.com\/de\/wp-json\/wp\/v2\/types\/product"}],"replies":[{"embeddable":true,"href":"https:\/\/ta3liemshop.com\/de\/wp-json\/wp\/v2\/comments?post=24548"}],"version-history":[{"count":0,"href":"https:\/\/ta3liemshop.com\/de\/wp-json\/wp\/v2\/product\/24548\/revisions"}],"wp:featuredmedia":[{"embeddable":true,"href":"https:\/\/ta3liemshop.com\/de\/wp-json\/wp\/v2\/media\/24549"}],"wp:attachment":[{"href":"https:\/\/ta3liemshop.com\/de\/wp-json\/wp\/v2\/media?parent=24548"}],"wp:term":[{"taxonomy":"product_brand","embeddable":true,"href":"https:\/\/ta3liemshop.com\/de\/wp-json\/wp\/v2\/product_brand?post=24548"},{"taxonomy":"product_cat","embeddable":true,"href":"https:\/\/ta3liemshop.com\/de\/wp-json\/wp\/v2\/product_cat?post=24548"},{"taxonomy":"product_tag","embeddable":true,"href":"https:\/\/ta3liemshop.com\/de\/wp-json\/wp\/v2\/product_tag?post=24548"}],"curies":[{"name":"wp","href":"https:\/\/api.w.org\/{rel}","templated":true}]}}