{"id":24554,"date":"2023-08-11T00:15:30","date_gmt":"2023-08-11T00:15:30","guid":{"rendered":"https:\/\/ta3liemshop.com\/product\/al-qaida-al-nouraniya-buch-sonderausgabe-fuer-den-kindergarten\/"},"modified":"2023-08-11T00:15:30","modified_gmt":"2023-08-11T00:15:30","slug":"al-qaida-al-nouraniya-buch-sonderausgabe-fuer-den-kindergarten","status":"publish","type":"product","link":"https:\/\/ta3liemshop.com\/de\/product\/al-qaida-al-nouraniya-buch-sonderausgabe-fuer-den-kindergarten\/","title":{"rendered":"Al-Qaida Al-Nouraniya Buch \u2013 Sonderausgabe f\u00fcr den Kindergarten"},"content":{"rendered":"<p>Al-Qaida Al-Nouraniya gilt als eine der n\u00fctzlichsten und einfachsten Methoden, um Anf\u00e4ngern und jungen Erwachsenen das Lesen und Behalten des Buches Allahs (Azzawajal) beizubringen sowie H\u00f6r-, Aussprache-, Lese- und Schreibf\u00e4higkeiten mit minimalem Aufwand und in k\u00fcrzester Zeit zu erwerben. Diese Ausgabe zeichnet sich durch den luxuri\u00f6sen Druck und die Farbgestaltung der Al-ghunn-, Al-mudud- und Al-qalqalah-Positionen aus. Sie zeichnet sich auch durch ihr dickes Papier aus, das f\u00fcr die Verwendung durch Vorschulkinder und Kleinkinder geeignet ist. <\/p>\n","protected":false},"excerpt":{"rendered":"<p>Al-Qaida Al-Nouraniya gilt als eine der n\u00fctzlichsten und einfachsten Methoden, um Anf\u00e4ngern und jungen Erwachsenen das Lesen und Behalten des<\/p>\n","protected":false},"featured_media":24555,"comment_status":"open","ping_status":"closed","template":"","meta":[],"product_brand":[],"product_cat":[469,493,461,489,462],"product_tag":[],"class_list":{"0":"post-24554","1":"product","2":"type-product","3":"status-publish","4":"has-post-thumbnail","6":"product_cat-al-nouraniya","7":"product_cat-al-nouraniya-fuer-erwachsene","8":"product_cat-arabische-lehrplaene","9":"product_cat-fuer-erwachsene","10":"product_cat-suche-nach-lehrmethode","12":"first","13":"instock","14":"shipping-taxable","15":"purchasable","16":"product-type-simple"},"_links":{"self":[{"href":"https:\/\/ta3liemshop.com\/de\/wp-json\/wp\/v2\/product\/24554","targetHints":{"allow":["GET"]}}],"collection":[{"href":"https:\/\/ta3liemshop.com\/de\/wp-json\/wp\/v2\/product"}],"about":[{"href":"https:\/\/ta3liemshop.com\/de\/wp-json\/wp\/v2\/types\/product"}],"replies":[{"embeddable":true,"href":"https:\/\/ta3liemshop.com\/de\/wp-json\/wp\/v2\/comments?post=24554"}],"version-history":[{"count":0,"href":"https:\/\/ta3liemshop.com\/de\/wp-json\/wp\/v2\/product\/24554\/revisions"}],"wp:featuredmedia":[{"embeddable":true,"href":"https:\/\/ta3liemshop.com\/de\/wp-json\/wp\/v2\/media\/24555"}],"wp:attachment":[{"href":"https:\/\/ta3liemshop.com\/de\/wp-json\/wp\/v2\/media?parent=24554"}],"wp:term":[{"taxonomy":"product_brand","embeddable":true,"href":"https:\/\/ta3liemshop.com\/de\/wp-json\/wp\/v2\/product_brand?post=24554"},{"taxonomy":"product_cat","embeddable":true,"href":"https:\/\/ta3liemshop.com\/de\/wp-json\/wp\/v2\/product_cat?post=24554"},{"taxonomy":"product_tag","embeddable":true,"href":"https:\/\/ta3liemshop.com\/de\/wp-json\/wp\/v2\/product_tag?post=24554"}],"curies":[{"name":"wp","href":"https:\/\/api.w.org\/{rel}","templated":true}]}}