{"id":24654,"date":"2023-08-12T14:50:31","date_gmt":"2023-08-12T14:50:31","guid":{"rendered":"https:\/\/ta3liemshop.com\/product\/al-sabeel-zur-bildung-studienbuch-dritte-qualifikationsebene-3\/"},"modified":"2024-10-13T16:34:26","modified_gmt":"2024-10-13T16:34:26","slug":"al-sabeel-zur-bildung-studienbuch-dritte-qualifikationsebene-3","status":"publish","type":"product","link":"https:\/\/ta3liemshop.com\/de\/product\/al-sabeel-zur-bildung-studienbuch-dritte-qualifikationsebene-3\/","title":{"rendered":"Al-Sabeel zur Bildung \u2013 (Studienbuch) Dritte Qualifikationsebene (3)"},"content":{"rendered":"<p>Die vorbereitende Stufe hat 60 unterhaltsame Poster. Das Ziel der Verwendung dieser Poster ist es, sich zun\u00e4chst auf den verbalen Ausdruck zu konzentrieren und dann auf das Lesen und Schreiben, wobei einige kurze Geschichten verwendet werden, um gutes Verhalten zu f\u00f6rdern und Verst\u00e4ndnis zu erm\u00f6glichen. <\/p>\n","protected":false},"excerpt":{"rendered":"<p>Die vorbereitende Stufe hat 60 unterhaltsame Poster. Das Ziel der Verwendung dieser Poster ist es, sich zun\u00e4chst auf den verbalen<\/p>\n","protected":false},"featured_media":24655,"comment_status":"open","ping_status":"closed","template":"","meta":[],"product_brand":[],"product_cat":[463,486,477,461,481,462,474],"product_tag":[],"class_list":{"0":"post-24654","1":"product","2":"type-product","3":"status-publish","4":"has-post-thumbnail","6":"product_cat-al-sabeel","7":"product_cat-al-sabeel-schueler","8":"product_cat-al-sabeel-vorschule","9":"product_cat-arabische-lehrplaene","10":"product_cat-schueler-6-12-jahre","11":"product_cat-suche-nach-lehrmethode","12":"product_cat-vorschule-3-5-jahre","14":"first","15":"instock","16":"shipping-taxable","17":"purchasable","18":"product-type-simple"},"_links":{"self":[{"href":"https:\/\/ta3liemshop.com\/de\/wp-json\/wp\/v2\/product\/24654","targetHints":{"allow":["GET"]}}],"collection":[{"href":"https:\/\/ta3liemshop.com\/de\/wp-json\/wp\/v2\/product"}],"about":[{"href":"https:\/\/ta3liemshop.com\/de\/wp-json\/wp\/v2\/types\/product"}],"replies":[{"embeddable":true,"href":"https:\/\/ta3liemshop.com\/de\/wp-json\/wp\/v2\/comments?post=24654"}],"version-history":[{"count":0,"href":"https:\/\/ta3liemshop.com\/de\/wp-json\/wp\/v2\/product\/24654\/revisions"}],"wp:featuredmedia":[{"embeddable":true,"href":"https:\/\/ta3liemshop.com\/de\/wp-json\/wp\/v2\/media\/24655"}],"wp:attachment":[{"href":"https:\/\/ta3liemshop.com\/de\/wp-json\/wp\/v2\/media?parent=24654"}],"wp:term":[{"taxonomy":"product_brand","embeddable":true,"href":"https:\/\/ta3liemshop.com\/de\/wp-json\/wp\/v2\/product_brand?post=24654"},{"taxonomy":"product_cat","embeddable":true,"href":"https:\/\/ta3liemshop.com\/de\/wp-json\/wp\/v2\/product_cat?post=24654"},{"taxonomy":"product_tag","embeddable":true,"href":"https:\/\/ta3liemshop.com\/de\/wp-json\/wp\/v2\/product_tag?post=24654"}],"curies":[{"name":"wp","href":"https:\/\/api.w.org\/{rel}","templated":true}]}}