{"id":24724,"date":"2023-08-13T14:32:37","date_gmt":"2023-08-13T14:32:37","guid":{"rendered":"https:\/\/ta3liemshop.com\/product\/al-sabeel-zur-bildung-uebungsbuch-phase-zwei-2\/"},"modified":"2023-08-13T14:32:37","modified_gmt":"2023-08-13T14:32:37","slug":"al-sabeel-zur-bildung-uebungsbuch-phase-zwei-2","status":"publish","type":"product","link":"https:\/\/ta3liemshop.com\/de\/product\/al-sabeel-zur-bildung-uebungsbuch-phase-zwei-2\/","title":{"rendered":"Al-Sabeel zur Bildung \u2013 (\u00dcbungsbuch) Phase zwei (2)"},"content":{"rendered":"<p>Unterst\u00fctzung und Verst\u00e4rkung: Jahr 3 und 4. Dieses Programm besteht aus 20 Einheiten, verteilt \u00fcber zwei Jahre. Das Ziel ist es, den Wortschatz der Sch\u00fcler zu bereichern und Ausdrucksmittel durch H\u00f6r-, Sprech-, Lese- und Schreibf\u00e4higkeiten zu vermitteln. Ein weiteres Ziel ist es, den Glauben der Sch\u00fcler durch Koran-Geschichten zu st\u00e4rken und einige grundlegende Konzepte der Anbetung zu erkl\u00e4ren, wie das Wudu (Waschung), Gebet, Dankbarkeit und gutes Benehmen, insbesondere in einer multikulturellen Gesellschaft.<\/p>\n","protected":false},"excerpt":{"rendered":"<p>Unterst\u00fctzung und Verst\u00e4rkung: Jahr 3 und 4. Dieses Programm besteht aus 20 Einheiten, verteilt \u00fcber zwei Jahre. Das Ziel ist<\/p>\n","protected":false},"featured_media":24725,"comment_status":"open","ping_status":"closed","template":"","meta":[],"product_brand":[],"product_cat":[463,486,461,481,462],"product_tag":[],"class_list":{"0":"post-24724","1":"product","2":"type-product","3":"status-publish","4":"has-post-thumbnail","6":"product_cat-al-sabeel","7":"product_cat-al-sabeel-schueler","8":"product_cat-arabische-lehrplaene","9":"product_cat-schueler-6-12-jahre","10":"product_cat-suche-nach-lehrmethode","12":"first","13":"instock","14":"shipping-taxable","15":"purchasable","16":"product-type-simple"},"_links":{"self":[{"href":"https:\/\/ta3liemshop.com\/de\/wp-json\/wp\/v2\/product\/24724","targetHints":{"allow":["GET"]}}],"collection":[{"href":"https:\/\/ta3liemshop.com\/de\/wp-json\/wp\/v2\/product"}],"about":[{"href":"https:\/\/ta3liemshop.com\/de\/wp-json\/wp\/v2\/types\/product"}],"replies":[{"embeddable":true,"href":"https:\/\/ta3liemshop.com\/de\/wp-json\/wp\/v2\/comments?post=24724"}],"version-history":[{"count":0,"href":"https:\/\/ta3liemshop.com\/de\/wp-json\/wp\/v2\/product\/24724\/revisions"}],"wp:featuredmedia":[{"embeddable":true,"href":"https:\/\/ta3liemshop.com\/de\/wp-json\/wp\/v2\/media\/24725"}],"wp:attachment":[{"href":"https:\/\/ta3liemshop.com\/de\/wp-json\/wp\/v2\/media?parent=24724"}],"wp:term":[{"taxonomy":"product_brand","embeddable":true,"href":"https:\/\/ta3liemshop.com\/de\/wp-json\/wp\/v2\/product_brand?post=24724"},{"taxonomy":"product_cat","embeddable":true,"href":"https:\/\/ta3liemshop.com\/de\/wp-json\/wp\/v2\/product_cat?post=24724"},{"taxonomy":"product_tag","embeddable":true,"href":"https:\/\/ta3liemshop.com\/de\/wp-json\/wp\/v2\/product_tag?post=24724"}],"curies":[{"name":"wp","href":"https:\/\/api.w.org\/{rel}","templated":true}]}}