{"id":24822,"date":"2023-08-23T12:03:01","date_gmt":"2023-08-23T12:03:01","guid":{"rendered":"https:\/\/ta3liemshop.com\/product\/al-tasis-al-motakamil-alphabet-buch-phase-eins-1\/"},"modified":"2023-08-23T12:03:01","modified_gmt":"2023-08-23T12:03:01","slug":"al-tasis-al-motakamil-alphabet-buch-phase-eins-1","status":"publish","type":"product","link":"https:\/\/ta3liemshop.com\/de\/product\/al-tasis-al-motakamil-alphabet-buch-phase-eins-1\/","title":{"rendered":"Al-Tasis Al-Motakamil Alphabet Buch &#8211; Phase eins (1)"},"content":{"rendered":"<p style=\"direction: ltr; text-align: start;\">In diesem Buch lernen wir die Namen, Formen und Aussprache der Buchstaben des Alphabets korrekt, sowie die richtige Art, einen Stift zu halten. Wir \u00fcben das Schreiben der Buchstaben des Alphabets mithilfe von Richtungspfeilen, F\u00fchrungslinien, Farben und Gro\u00dfbuchstaben, um die Teile des Buchstabens \u00fcber und unter der Linie anzugeben, f\u00fcr mehr Leichtigkeit, Klarheit und Pr\u00e4zision beim Schreiben der ersten Buchstaben. <\/p>\n","protected":false},"excerpt":{"rendered":"<p>In diesem Buch lernen wir die Namen, Formen und Aussprache der Buchstaben des Alphabets korrekt, sowie die richtige Art, einen<\/p>\n","protected":false},"featured_media":24823,"comment_status":"open","ping_status":"closed","template":"","meta":[],"product_brand":[],"product_cat":[464,483,476,461,481,462,474],"product_tag":[],"class_list":{"0":"post-24822","1":"product","2":"type-product","3":"status-publish","4":"has-post-thumbnail","6":"product_cat-al-tasis-al-motakamil","7":"product_cat-al-tasis-al-motakamil-schueler","8":"product_cat-al-tasis-al-motakamil-vorschule","9":"product_cat-arabische-lehrplaene","10":"product_cat-schueler-6-12-jahre","11":"product_cat-suche-nach-lehrmethode","12":"product_cat-vorschule-3-5-jahre","14":"first","15":"instock","16":"shipping-taxable","17":"purchasable","18":"product-type-simple"},"_links":{"self":[{"href":"https:\/\/ta3liemshop.com\/de\/wp-json\/wp\/v2\/product\/24822","targetHints":{"allow":["GET"]}}],"collection":[{"href":"https:\/\/ta3liemshop.com\/de\/wp-json\/wp\/v2\/product"}],"about":[{"href":"https:\/\/ta3liemshop.com\/de\/wp-json\/wp\/v2\/types\/product"}],"replies":[{"embeddable":true,"href":"https:\/\/ta3liemshop.com\/de\/wp-json\/wp\/v2\/comments?post=24822"}],"version-history":[{"count":0,"href":"https:\/\/ta3liemshop.com\/de\/wp-json\/wp\/v2\/product\/24822\/revisions"}],"wp:featuredmedia":[{"embeddable":true,"href":"https:\/\/ta3liemshop.com\/de\/wp-json\/wp\/v2\/media\/24823"}],"wp:attachment":[{"href":"https:\/\/ta3liemshop.com\/de\/wp-json\/wp\/v2\/media?parent=24822"}],"wp:term":[{"taxonomy":"product_brand","embeddable":true,"href":"https:\/\/ta3liemshop.com\/de\/wp-json\/wp\/v2\/product_brand?post=24822"},{"taxonomy":"product_cat","embeddable":true,"href":"https:\/\/ta3liemshop.com\/de\/wp-json\/wp\/v2\/product_cat?post=24822"},{"taxonomy":"product_tag","embeddable":true,"href":"https:\/\/ta3liemshop.com\/de\/wp-json\/wp\/v2\/product_tag?post=24822"}],"curies":[{"name":"wp","href":"https:\/\/api.w.org\/{rel}","templated":true}]}}