{"id":24843,"date":"2023-08-23T13:08:09","date_gmt":"2023-08-23T13:08:09","guid":{"rendered":"https:\/\/ta3liemshop.com\/product\/al-tasis-al-motakamil-al-sukoon-al-tanwin-und-al-shadda-buch-phase-drei-3\/"},"modified":"2023-08-23T13:08:09","modified_gmt":"2023-08-23T13:08:09","slug":"al-tasis-al-motakamil-al-sukoon-al-tanwin-und-al-shadda-buch-phase-drei-3","status":"publish","type":"product","link":"https:\/\/ta3liemshop.com\/de\/product\/al-tasis-al-motakamil-al-sukoon-al-tanwin-und-al-shadda-buch-phase-drei-3\/","title":{"rendered":"Al-Tasis Al-Motakamil Al-Sukoon, Al-Tanwin und Al-Shadda Buch \u2013 Phase drei (3)"},"content":{"rendered":"<p>In diesem Buch lernen wir die Aussprache von Konsonanten, lernen wir \u00fcber die verschiedenen Formen von diakritischen Zeichen (Tanween) und den Unterschied zwischen diesen Zeichen und dem urspr\u00fcnglichen Buchstaben &#8217;n&#8216;. Wir lernen auch die Regeln der Verst\u00e4rkung und die richtige Aussprache der verdoppelten Konsonanten. Dar\u00fcber hinaus \u00fcben wir das Zusammensetzen, Lesen und Schreiben eines umfangreichen Wortschatzes von mehr als 800 W\u00f6rtern, unterst\u00fctzt durch Illustrationen und interaktive F\u00e4higkeiten.  <\/p>\n","protected":false},"excerpt":{"rendered":"<p>In diesem Buch lernen wir die Aussprache von Konsonanten, lernen wir \u00fcber die verschiedenen Formen von diakritischen Zeichen (Tanween) und<\/p>\n","protected":false},"featured_media":24844,"comment_status":"open","ping_status":"closed","template":"","meta":[],"product_brand":[],"product_cat":[464,491,483,461,489,481,462],"product_tag":[],"class_list":{"0":"post-24843","1":"product","2":"type-product","3":"status-publish","4":"has-post-thumbnail","6":"product_cat-al-tasis-al-motakamil","7":"product_cat-al-tasis-al-motakamil-fuer-erwachsene","8":"product_cat-al-tasis-al-motakamil-schueler","9":"product_cat-arabische-lehrplaene","10":"product_cat-fuer-erwachsene","11":"product_cat-schueler-6-12-jahre","12":"product_cat-suche-nach-lehrmethode","14":"first","15":"instock","16":"shipping-taxable","17":"purchasable","18":"product-type-simple"},"_links":{"self":[{"href":"https:\/\/ta3liemshop.com\/de\/wp-json\/wp\/v2\/product\/24843","targetHints":{"allow":["GET"]}}],"collection":[{"href":"https:\/\/ta3liemshop.com\/de\/wp-json\/wp\/v2\/product"}],"about":[{"href":"https:\/\/ta3liemshop.com\/de\/wp-json\/wp\/v2\/types\/product"}],"replies":[{"embeddable":true,"href":"https:\/\/ta3liemshop.com\/de\/wp-json\/wp\/v2\/comments?post=24843"}],"version-history":[{"count":0,"href":"https:\/\/ta3liemshop.com\/de\/wp-json\/wp\/v2\/product\/24843\/revisions"}],"wp:featuredmedia":[{"embeddable":true,"href":"https:\/\/ta3liemshop.com\/de\/wp-json\/wp\/v2\/media\/24844"}],"wp:attachment":[{"href":"https:\/\/ta3liemshop.com\/de\/wp-json\/wp\/v2\/media?parent=24843"}],"wp:term":[{"taxonomy":"product_brand","embeddable":true,"href":"https:\/\/ta3liemshop.com\/de\/wp-json\/wp\/v2\/product_brand?post=24843"},{"taxonomy":"product_cat","embeddable":true,"href":"https:\/\/ta3liemshop.com\/de\/wp-json\/wp\/v2\/product_cat?post=24843"},{"taxonomy":"product_tag","embeddable":true,"href":"https:\/\/ta3liemshop.com\/de\/wp-json\/wp\/v2\/product_tag?post=24843"}],"curies":[{"name":"wp","href":"https:\/\/api.w.org\/{rel}","templated":true}]}}