{"id":24856,"date":"2023-08-23T13:35:57","date_gmt":"2023-08-23T13:35:57","guid":{"rendered":"https:\/\/ta3liemshop.com\/product\/al-tasis-al-motakamil-lese-und-schreibregelbuch-phase-vier-4\/"},"modified":"2023-08-23T13:35:57","modified_gmt":"2023-08-23T13:35:57","slug":"al-tasis-al-motakamil-lese-und-schreibregelbuch-phase-vier-4","status":"publish","type":"product","link":"https:\/\/ta3liemshop.com\/de\/product\/al-tasis-al-motakamil-lese-und-schreibregelbuch-phase-vier-4\/","title":{"rendered":"Al-Tasis Al-Motakamil Lese- und Schreibregelbuch \u2013 Phase vier (4)"},"content":{"rendered":"<p>In diesem Buch lernen wir die Regeln der Aussprache und des Schreibens. Wir unterscheiden zwischen dem stehenden \u062a (taa marboeta), dem verbundenen \u062a (taa maftoeha) und dem Buchstaben \u0647\u0627\u0621 (haa). Wir studieren die Hamzas der Verbindung und Trennung, den Buchstaben \u0627\u0644 (alif lam) und andere Regeln. Dar\u00fcber hinaus \u00fcben wir das Lesen und Schreiben anhand einer umfangreichen Sammlung von W\u00f6rtern und S\u00e4tzen, die mehr als 500 W\u00f6rter und S\u00e4tze umfasst. Dies wird unterst\u00fctzt durch Illustrationen und interaktive F\u00e4higkeiten.    <\/p>\n","protected":false},"excerpt":{"rendered":"<p>In diesem Buch lernen wir die Regeln der Aussprache und des Schreibens. Wir unterscheiden zwischen dem stehenden \u062a (taa marboeta),<\/p>\n","protected":false},"featured_media":24857,"comment_status":"open","ping_status":"closed","template":"","meta":[],"product_brand":[],"product_cat":[464,491,483,461,489,481,462],"product_tag":[],"class_list":{"0":"post-24856","1":"product","2":"type-product","3":"status-publish","4":"has-post-thumbnail","6":"product_cat-al-tasis-al-motakamil","7":"product_cat-al-tasis-al-motakamil-fuer-erwachsene","8":"product_cat-al-tasis-al-motakamil-schueler","9":"product_cat-arabische-lehrplaene","10":"product_cat-fuer-erwachsene","11":"product_cat-schueler-6-12-jahre","12":"product_cat-suche-nach-lehrmethode","14":"first","15":"instock","16":"shipping-taxable","17":"purchasable","18":"product-type-simple"},"_links":{"self":[{"href":"https:\/\/ta3liemshop.com\/de\/wp-json\/wp\/v2\/product\/24856","targetHints":{"allow":["GET"]}}],"collection":[{"href":"https:\/\/ta3liemshop.com\/de\/wp-json\/wp\/v2\/product"}],"about":[{"href":"https:\/\/ta3liemshop.com\/de\/wp-json\/wp\/v2\/types\/product"}],"replies":[{"embeddable":true,"href":"https:\/\/ta3liemshop.com\/de\/wp-json\/wp\/v2\/comments?post=24856"}],"version-history":[{"count":0,"href":"https:\/\/ta3liemshop.com\/de\/wp-json\/wp\/v2\/product\/24856\/revisions"}],"wp:featuredmedia":[{"embeddable":true,"href":"https:\/\/ta3liemshop.com\/de\/wp-json\/wp\/v2\/media\/24857"}],"wp:attachment":[{"href":"https:\/\/ta3liemshop.com\/de\/wp-json\/wp\/v2\/media?parent=24856"}],"wp:term":[{"taxonomy":"product_brand","embeddable":true,"href":"https:\/\/ta3liemshop.com\/de\/wp-json\/wp\/v2\/product_brand?post=24856"},{"taxonomy":"product_cat","embeddable":true,"href":"https:\/\/ta3liemshop.com\/de\/wp-json\/wp\/v2\/product_cat?post=24856"},{"taxonomy":"product_tag","embeddable":true,"href":"https:\/\/ta3liemshop.com\/de\/wp-json\/wp\/v2\/product_tag?post=24856"}],"curies":[{"name":"wp","href":"https:\/\/api.w.org\/{rel}","templated":true}]}}