{"id":24880,"date":"2023-08-23T14:05:38","date_gmt":"2023-08-23T14:05:38","guid":{"rendered":"https:\/\/ta3liemshop.com\/product\/al-tasis-al-motakamil-sprachsicherheitsprinzipien-buch-phase-sechs-6\/"},"modified":"2023-08-23T14:05:38","modified_gmt":"2023-08-23T14:05:38","slug":"al-tasis-al-motakamil-sprachsicherheitsprinzipien-buch-phase-sechs-6","status":"publish","type":"product","link":"https:\/\/ta3liemshop.com\/de\/product\/al-tasis-al-motakamil-sprachsicherheitsprinzipien-buch-phase-sechs-6\/","title":{"rendered":"Al-Tasis Al-Motakamil Sprachsicherheitsprinzipien Buch \u2013 Phase sechs (6)"},"content":{"rendered":"<p>In diesem Buch lernen wir die Prinzipien der Sprachsicherheit auf einfache und zug\u00e4ngliche Weise. Wir machen uns mit den Teilen der W\u00f6rter, m\u00e4nnlich und weiblich, Singular und Plural, Pronomen, Demonstrativpronomen, Relativpronomen, Frage- und Verneinungstechniken, Befehlen und Verboten sowie Ausdr\u00fccken des Erstaunens vertraut. Wir \u00fcben auch, interaktiv mit anderen zu kommunizieren, durch verschiedene Sprachtrainings und Sprachspiele.  <\/p>\n","protected":false},"excerpt":{"rendered":"<p>In diesem Buch lernen wir die Prinzipien der Sprachsicherheit auf einfache und zug\u00e4ngliche Weise. Wir machen uns mit den Teilen<\/p>\n","protected":false},"featured_media":24881,"comment_status":"open","ping_status":"closed","template":"","meta":[],"product_brand":[],"product_cat":[464,491,483,461,489,481,462],"product_tag":[],"class_list":{"0":"post-24880","1":"product","2":"type-product","3":"status-publish","4":"has-post-thumbnail","6":"product_cat-al-tasis-al-motakamil","7":"product_cat-al-tasis-al-motakamil-fuer-erwachsene","8":"product_cat-al-tasis-al-motakamil-schueler","9":"product_cat-arabische-lehrplaene","10":"product_cat-fuer-erwachsene","11":"product_cat-schueler-6-12-jahre","12":"product_cat-suche-nach-lehrmethode","14":"first","15":"instock","16":"shipping-taxable","17":"purchasable","18":"product-type-simple"},"_links":{"self":[{"href":"https:\/\/ta3liemshop.com\/de\/wp-json\/wp\/v2\/product\/24880","targetHints":{"allow":["GET"]}}],"collection":[{"href":"https:\/\/ta3liemshop.com\/de\/wp-json\/wp\/v2\/product"}],"about":[{"href":"https:\/\/ta3liemshop.com\/de\/wp-json\/wp\/v2\/types\/product"}],"replies":[{"embeddable":true,"href":"https:\/\/ta3liemshop.com\/de\/wp-json\/wp\/v2\/comments?post=24880"}],"version-history":[{"count":0,"href":"https:\/\/ta3liemshop.com\/de\/wp-json\/wp\/v2\/product\/24880\/revisions"}],"wp:featuredmedia":[{"embeddable":true,"href":"https:\/\/ta3liemshop.com\/de\/wp-json\/wp\/v2\/media\/24881"}],"wp:attachment":[{"href":"https:\/\/ta3liemshop.com\/de\/wp-json\/wp\/v2\/media?parent=24880"}],"wp:term":[{"taxonomy":"product_brand","embeddable":true,"href":"https:\/\/ta3liemshop.com\/de\/wp-json\/wp\/v2\/product_brand?post=24880"},{"taxonomy":"product_cat","embeddable":true,"href":"https:\/\/ta3liemshop.com\/de\/wp-json\/wp\/v2\/product_cat?post=24880"},{"taxonomy":"product_tag","embeddable":true,"href":"https:\/\/ta3liemshop.com\/de\/wp-json\/wp\/v2\/product_tag?post=24880"}],"curies":[{"name":"wp","href":"https:\/\/api.w.org\/{rel}","templated":true}]}}