{"id":25270,"date":"2023-08-18T14:00:14","date_gmt":"2023-08-18T14:00:14","guid":{"rendered":"https:\/\/ta3liemshop.com\/product\/al-mostakbal-serie-unterricht-in-lesen-und-schreiben-vorbereitungsphase-drei-3\/"},"modified":"2023-08-18T14:00:14","modified_gmt":"2023-08-18T14:00:14","slug":"al-mostakbal-serie-unterricht-in-lesen-und-schreiben-vorbereitungsphase-drei-3","status":"publish","type":"product","link":"https:\/\/ta3liemshop.com\/de\/product\/al-mostakbal-serie-unterricht-in-lesen-und-schreiben-vorbereitungsphase-drei-3\/","title":{"rendered":"Al-Mostakbal Serie Unterricht in Lesen und Schreiben \u2013 Vorbereitungsphase drei (3)"},"content":{"rendered":"<p>Al-Mostakbal Serie Unterricht in Lesen und Schreiben \u2013 Vorbereitungsphase drei (3)<\/p>\n<p>Eine integrierte Bildungsreihe, die auf wissenschaftlichen Grundlagen basiert und den Spezifikationen moderner Lehrb\u00fccher entspricht.<\/p>\n<p>Moderne, leicht zu erlernende Lehrpl\u00e4ne, die die psychologischen, intellektuellen und kulturellen Neigungen der Sch\u00fcler ber\u00fccksichtigen.<\/p>\n<p>Der Einsatz der sprechenden Stifttechnologie, um das Lernen zu erleichtern, wobei der Ton direkt in den Text integriert wird, was den Selbstlernprozess f\u00fcr unsere Kinder erleichtert.<\/p>\n","protected":false},"excerpt":{"rendered":"<p>Al-Mostakbal Serie Unterricht in Lesen und Schreiben \u2013 Vorbereitungsphase drei (3) Eine integrierte Bildungsreihe, die auf wissenschaftlichen Grundlagen basiert und<\/p>\n","protected":false},"featured_media":25271,"comment_status":"open","ping_status":"closed","template":"","meta":[],"product_brand":[],"product_cat":[487,478,461,468,481,462,474],"product_tag":[],"class_list":{"0":"post-25270","1":"product","2":"type-product","3":"status-publish","4":"has-post-thumbnail","6":"product_cat-al-mostakbal-schueler","7":"product_cat-al-mostakbal-vorschule","8":"product_cat-arabische-lehrplaene","9":"product_cat-digitale-zukunft","10":"product_cat-schueler-6-12-jahre","11":"product_cat-suche-nach-lehrmethode","12":"product_cat-vorschule-3-5-jahre","14":"first","15":"instock","16":"shipping-taxable","17":"purchasable","18":"product-type-simple"},"_links":{"self":[{"href":"https:\/\/ta3liemshop.com\/de\/wp-json\/wp\/v2\/product\/25270","targetHints":{"allow":["GET"]}}],"collection":[{"href":"https:\/\/ta3liemshop.com\/de\/wp-json\/wp\/v2\/product"}],"about":[{"href":"https:\/\/ta3liemshop.com\/de\/wp-json\/wp\/v2\/types\/product"}],"replies":[{"embeddable":true,"href":"https:\/\/ta3liemshop.com\/de\/wp-json\/wp\/v2\/comments?post=25270"}],"version-history":[{"count":0,"href":"https:\/\/ta3liemshop.com\/de\/wp-json\/wp\/v2\/product\/25270\/revisions"}],"wp:featuredmedia":[{"embeddable":true,"href":"https:\/\/ta3liemshop.com\/de\/wp-json\/wp\/v2\/media\/25271"}],"wp:attachment":[{"href":"https:\/\/ta3liemshop.com\/de\/wp-json\/wp\/v2\/media?parent=25270"}],"wp:term":[{"taxonomy":"product_brand","embeddable":true,"href":"https:\/\/ta3liemshop.com\/de\/wp-json\/wp\/v2\/product_brand?post=25270"},{"taxonomy":"product_cat","embeddable":true,"href":"https:\/\/ta3liemshop.com\/de\/wp-json\/wp\/v2\/product_cat?post=25270"},{"taxonomy":"product_tag","embeddable":true,"href":"https:\/\/ta3liemshop.com\/de\/wp-json\/wp\/v2\/product_tag?post=25270"}],"curies":[{"name":"wp","href":"https:\/\/api.w.org\/{rel}","templated":true}]}}