{"id":25284,"date":"2023-08-18T15:05:16","date_gmt":"2023-08-18T15:05:16","guid":{"rendered":"https:\/\/ta3liemshop.com\/product\/al-mostakbal-serie-unterricht-in-lesen-und-schreiben-phase-eins-1\/"},"modified":"2023-08-18T15:05:16","modified_gmt":"2023-08-18T15:05:16","slug":"al-mostakbal-serie-unterricht-in-lesen-und-schreiben-phase-eins-1","status":"publish","type":"product","link":"https:\/\/ta3liemshop.com\/de\/product\/al-mostakbal-serie-unterricht-in-lesen-und-schreiben-phase-eins-1\/","title":{"rendered":"Al-Mostakbal Serie Unterricht in Lesen und Schreiben \u2013 Phase eins (1)"},"content":{"rendered":"<p>Al-Mostakbal Serie Unterricht in Lesen und Schreiben \u2013 Phase eins (1)<\/p>\n<p>Eine integrierte Bildungsreihe, die auf wissenschaftlichen Grundlagen basiert und den Spezifikationen moderner Lehrb\u00fccher entspricht.<\/p>\n<p>Moderne, leicht zu erlernende Lehrpl\u00e4ne, die die psychologischen, intellektuellen und kulturellen Neigungen der Sch\u00fcler ber\u00fccksichtigen.<\/p>\n<p>Der Einsatz der sprechenden Stifttechnologie, um das Lernen zu erleichtern, wobei der Ton direkt in den Text integriert wird, was den Selbstlernprozess f\u00fcr unsere Kinder erleichtert.<\/p>\n","protected":false},"excerpt":{"rendered":"<p>Al-Mostakbal Serie Unterricht in Lesen und Schreiben \u2013 Phase eins (1) Eine integrierte Bildungsreihe, die auf wissenschaftlichen Grundlagen basiert und<\/p>\n","protected":false},"featured_media":25285,"comment_status":"open","ping_status":"closed","template":"","meta":[],"product_brand":[],"product_cat":[487,461,468,481,462],"product_tag":[],"class_list":{"0":"post-25284","1":"product","2":"type-product","3":"status-publish","4":"has-post-thumbnail","6":"product_cat-al-mostakbal-schueler","7":"product_cat-arabische-lehrplaene","8":"product_cat-digitale-zukunft","9":"product_cat-schueler-6-12-jahre","10":"product_cat-suche-nach-lehrmethode","12":"first","13":"instock","14":"shipping-taxable","15":"purchasable","16":"product-type-simple"},"_links":{"self":[{"href":"https:\/\/ta3liemshop.com\/de\/wp-json\/wp\/v2\/product\/25284","targetHints":{"allow":["GET"]}}],"collection":[{"href":"https:\/\/ta3liemshop.com\/de\/wp-json\/wp\/v2\/product"}],"about":[{"href":"https:\/\/ta3liemshop.com\/de\/wp-json\/wp\/v2\/types\/product"}],"replies":[{"embeddable":true,"href":"https:\/\/ta3liemshop.com\/de\/wp-json\/wp\/v2\/comments?post=25284"}],"version-history":[{"count":0,"href":"https:\/\/ta3liemshop.com\/de\/wp-json\/wp\/v2\/product\/25284\/revisions"}],"wp:featuredmedia":[{"embeddable":true,"href":"https:\/\/ta3liemshop.com\/de\/wp-json\/wp\/v2\/media\/25285"}],"wp:attachment":[{"href":"https:\/\/ta3liemshop.com\/de\/wp-json\/wp\/v2\/media?parent=25284"}],"wp:term":[{"taxonomy":"product_brand","embeddable":true,"href":"https:\/\/ta3liemshop.com\/de\/wp-json\/wp\/v2\/product_brand?post=25284"},{"taxonomy":"product_cat","embeddable":true,"href":"https:\/\/ta3liemshop.com\/de\/wp-json\/wp\/v2\/product_cat?post=25284"},{"taxonomy":"product_tag","embeddable":true,"href":"https:\/\/ta3liemshop.com\/de\/wp-json\/wp\/v2\/product_tag?post=25284"}],"curies":[{"name":"wp","href":"https:\/\/api.w.org\/{rel}","templated":true}]}}