{"id":25362,"date":"2023-08-20T14:35:35","date_gmt":"2023-08-20T14:35:35","guid":{"rendered":"https:\/\/ta3liemshop.com\/product\/al-mostakbal-tasche-unterricht-in-lesen-und-schreiben-phase-zwei-2\/"},"modified":"2023-08-20T14:35:35","modified_gmt":"2023-08-20T14:35:35","slug":"al-mostakbal-tasche-unterricht-in-lesen-und-schreiben-phase-zwei-2","status":"publish","type":"product","link":"https:\/\/ta3liemshop.com\/de\/product\/al-mostakbal-tasche-unterricht-in-lesen-und-schreiben-phase-zwei-2\/","title":{"rendered":"Al-Mostakbal Tasche Unterricht in Lesen und Schreiben \u2013 Phase zwei (2)"},"content":{"rendered":"<p>Al-Mostakbal Tasche Unterricht in Lesen und Schreiben \u2013 Phase zwei (2)<\/p>\n<p>Altersgruppe 6-9 Jahre<\/p>\n<p>Ein integrierter Bildungskurs im Unterrichten der arabischen Sprache an unseren jungen weiblichen Studenten auf verschiedenen Niveaus.<\/p>\n<p>\u2013 Verschiedene Lernkarten f\u00fcr das Alphabet und seine Zubeh\u00f6rteile sowie f\u00fcr die wichtigsten Grundwortsch\u00e4tze (Farben\/Formen\/Tiere\/Nahrung \u2026 usw.).<\/p>\n<p>Gro\u00dfe illustrative Poster, die dem Kind im Bildungsprozess helfen.<\/p>\n<p>Ein Bildungsleitfaden f\u00fcr Eltern und Lehrer, um das Kind im Bildungsprozess zu begleiten.<\/p>\n<p>Aktivit\u00e4ten, \u00dcbungen und Spiele, die dem Sch\u00fcler helfen, gleichzeitig zu lernen und zu genie\u00dfen.<\/p>\n","protected":false},"excerpt":{"rendered":"<p>Al-Mostakbal Tasche Unterricht in Lesen und Schreiben \u2013 Phase zwei (2) Altersgruppe 6-9 Jahre Ein integrierter Bildungskurs im Unterrichten der<\/p>\n","protected":false},"featured_media":25363,"comment_status":"open","ping_status":"closed","template":"","meta":[],"product_brand":[],"product_cat":[487,461,468,481,462],"product_tag":[],"class_list":{"0":"post-25362","1":"product","2":"type-product","3":"status-publish","4":"has-post-thumbnail","6":"product_cat-al-mostakbal-schueler","7":"product_cat-arabische-lehrplaene","8":"product_cat-digitale-zukunft","9":"product_cat-schueler-6-12-jahre","10":"product_cat-suche-nach-lehrmethode","12":"first","13":"instock","14":"shipping-taxable","15":"purchasable","16":"product-type-simple"},"_links":{"self":[{"href":"https:\/\/ta3liemshop.com\/de\/wp-json\/wp\/v2\/product\/25362","targetHints":{"allow":["GET"]}}],"collection":[{"href":"https:\/\/ta3liemshop.com\/de\/wp-json\/wp\/v2\/product"}],"about":[{"href":"https:\/\/ta3liemshop.com\/de\/wp-json\/wp\/v2\/types\/product"}],"replies":[{"embeddable":true,"href":"https:\/\/ta3liemshop.com\/de\/wp-json\/wp\/v2\/comments?post=25362"}],"version-history":[{"count":0,"href":"https:\/\/ta3liemshop.com\/de\/wp-json\/wp\/v2\/product\/25362\/revisions"}],"wp:featuredmedia":[{"embeddable":true,"href":"https:\/\/ta3liemshop.com\/de\/wp-json\/wp\/v2\/media\/25363"}],"wp:attachment":[{"href":"https:\/\/ta3liemshop.com\/de\/wp-json\/wp\/v2\/media?parent=25362"}],"wp:term":[{"taxonomy":"product_brand","embeddable":true,"href":"https:\/\/ta3liemshop.com\/de\/wp-json\/wp\/v2\/product_brand?post=25362"},{"taxonomy":"product_cat","embeddable":true,"href":"https:\/\/ta3liemshop.com\/de\/wp-json\/wp\/v2\/product_cat?post=25362"},{"taxonomy":"product_tag","embeddable":true,"href":"https:\/\/ta3liemshop.com\/de\/wp-json\/wp\/v2\/product_tag?post=25362"}],"curies":[{"name":"wp","href":"https:\/\/api.w.org\/{rel}","templated":true}]}}