{"id":25391,"date":"2023-08-15T19:01:14","date_gmt":"2023-08-15T19:01:14","guid":{"rendered":"https:\/\/ta3liemshop.com\/product\/im-garten-der-arabischen-sprache-lehrbuch-und-uebungsbuch-phase-drei-3\/"},"modified":"2023-08-15T19:01:14","modified_gmt":"2023-08-15T19:01:14","slug":"im-garten-der-arabischen-sprache-lehrbuch-und-uebungsbuch-phase-drei-3","status":"publish","type":"product","link":"https:\/\/ta3liemshop.com\/de\/product\/im-garten-der-arabischen-sprache-lehrbuch-und-uebungsbuch-phase-drei-3\/","title":{"rendered":"Im Garten der arabischen Sprache \u2013 (Lehrbuch und \u00dcbungsbuch) Phase drei (3)"},"content":{"rendered":"<p>Stufe 3 der Serie (Im Garten der arabischen Sprache) f\u00fcr Grundsch\u00fcler enth\u00e4lt viele neue F\u00e4higkeiten zus\u00e4tzlich zu den Grundkenntnissen des Arabischlernens f\u00fcr Nicht-Arabischsprachige.<\/p>\n","protected":false},"excerpt":{"rendered":"<p>Stufe 3 der Serie (Im Garten der arabischen Sprache) f\u00fcr Grundsch\u00fcler enth\u00e4lt viele neue F\u00e4higkeiten zus\u00e4tzlich zu den Grundkenntnissen des<\/p>\n","protected":false},"featured_media":25392,"comment_status":"open","ping_status":"closed","template":"","meta":[],"product_brand":[],"product_cat":[461,467,488,481,462],"product_tag":[],"class_list":{"0":"post-25391","1":"product","2":"type-product","3":"status-publish","4":"has-post-thumbnail","6":"product_cat-arabische-lehrplaene","7":"product_cat-im-garten-der-arabischen-sprache","8":"product_cat-im-garten-der-arabischen-sprache-schueler","9":"product_cat-schueler-6-12-jahre","10":"product_cat-suche-nach-lehrmethode","12":"first","13":"instock","14":"shipping-taxable","15":"purchasable","16":"product-type-simple"},"_links":{"self":[{"href":"https:\/\/ta3liemshop.com\/de\/wp-json\/wp\/v2\/product\/25391","targetHints":{"allow":["GET"]}}],"collection":[{"href":"https:\/\/ta3liemshop.com\/de\/wp-json\/wp\/v2\/product"}],"about":[{"href":"https:\/\/ta3liemshop.com\/de\/wp-json\/wp\/v2\/types\/product"}],"replies":[{"embeddable":true,"href":"https:\/\/ta3liemshop.com\/de\/wp-json\/wp\/v2\/comments?post=25391"}],"version-history":[{"count":0,"href":"https:\/\/ta3liemshop.com\/de\/wp-json\/wp\/v2\/product\/25391\/revisions"}],"wp:featuredmedia":[{"embeddable":true,"href":"https:\/\/ta3liemshop.com\/de\/wp-json\/wp\/v2\/media\/25392"}],"wp:attachment":[{"href":"https:\/\/ta3liemshop.com\/de\/wp-json\/wp\/v2\/media?parent=25391"}],"wp:term":[{"taxonomy":"product_brand","embeddable":true,"href":"https:\/\/ta3liemshop.com\/de\/wp-json\/wp\/v2\/product_brand?post=25391"},{"taxonomy":"product_cat","embeddable":true,"href":"https:\/\/ta3liemshop.com\/de\/wp-json\/wp\/v2\/product_cat?post=25391"},{"taxonomy":"product_tag","embeddable":true,"href":"https:\/\/ta3liemshop.com\/de\/wp-json\/wp\/v2\/product_tag?post=25391"}],"curies":[{"name":"wp","href":"https:\/\/api.w.org\/{rel}","templated":true}]}}