{"id":25448,"date":"2023-08-21T14:06:32","date_gmt":"2023-08-21T14:06:32","guid":{"rendered":"https:\/\/ta3liemshop.com\/product\/unsere-arabische-sprache-leichtigkeit-statt-erschwernis-phase-eins-1\/"},"modified":"2023-08-21T14:06:32","modified_gmt":"2023-08-21T14:06:32","slug":"unsere-arabische-sprache-leichtigkeit-statt-erschwernis-phase-eins-1","status":"publish","type":"product","link":"https:\/\/ta3liemshop.com\/de\/product\/unsere-arabische-sprache-leichtigkeit-statt-erschwernis-phase-eins-1\/","title":{"rendered":"Unsere Arabische Sprache Leichtigkeit statt Erschwernis &#8211; Phase eins (1)"},"content":{"rendered":"<p>Unsere Arabische Sprache Leichtigkeit statt Erschwernis Der einfache Weg, Arabisch in Europa und Amerika zu unterrichten: Wir freuen uns, dieses wundersch\u00f6ne Buch f\u00fcr das erste Niveau, f\u00fcr die Altersgruppe zwischen 7 und 9 Jahren, in die H\u00e4nde unserer Br\u00fcder und Schwestern, Lehrer und unserer Kinder in Europa legen zu k\u00f6nnen. Dieses Buch ist Teil der Reihe unserer umfassenden und aufeinander folgenden Lehrplanb\u00fccher. Wir haben uns auf die vier F\u00e4higkeiten verlassen: H\u00f6ren, Lesen, Schreiben und Sprechen. All dies in einem einfachen, interessanten und komfortablen Muster.   <\/p>\n","protected":false},"excerpt":{"rendered":"<p>Unsere Arabische Sprache Leichtigkeit statt Erschwernis Der einfache Weg, Arabisch in Europa und Amerika zu unterrichten: Wir freuen uns, dieses<\/p>\n","protected":false},"featured_media":25449,"comment_status":"open","ping_status":"closed","template":"","meta":[],"product_brand":[],"product_cat":[461,465,485,481,462],"product_tag":[],"class_list":{"0":"post-25448","1":"product","2":"type-product","3":"status-publish","4":"has-post-thumbnail","6":"product_cat-arabische-lehrplaene","7":"product_cat-leichtigkeit-statt-erschwernis","8":"product_cat-leichtigkeit-statt-erschwernis-schueler","9":"product_cat-schueler-6-12-jahre","10":"product_cat-suche-nach-lehrmethode","12":"first","13":"instock","14":"shipping-taxable","15":"purchasable","16":"product-type-simple"},"_links":{"self":[{"href":"https:\/\/ta3liemshop.com\/de\/wp-json\/wp\/v2\/product\/25448","targetHints":{"allow":["GET"]}}],"collection":[{"href":"https:\/\/ta3liemshop.com\/de\/wp-json\/wp\/v2\/product"}],"about":[{"href":"https:\/\/ta3liemshop.com\/de\/wp-json\/wp\/v2\/types\/product"}],"replies":[{"embeddable":true,"href":"https:\/\/ta3liemshop.com\/de\/wp-json\/wp\/v2\/comments?post=25448"}],"version-history":[{"count":0,"href":"https:\/\/ta3liemshop.com\/de\/wp-json\/wp\/v2\/product\/25448\/revisions"}],"wp:featuredmedia":[{"embeddable":true,"href":"https:\/\/ta3liemshop.com\/de\/wp-json\/wp\/v2\/media\/25449"}],"wp:attachment":[{"href":"https:\/\/ta3liemshop.com\/de\/wp-json\/wp\/v2\/media?parent=25448"}],"wp:term":[{"taxonomy":"product_brand","embeddable":true,"href":"https:\/\/ta3liemshop.com\/de\/wp-json\/wp\/v2\/product_brand?post=25448"},{"taxonomy":"product_cat","embeddable":true,"href":"https:\/\/ta3liemshop.com\/de\/wp-json\/wp\/v2\/product_cat?post=25448"},{"taxonomy":"product_tag","embeddable":true,"href":"https:\/\/ta3liemshop.com\/de\/wp-json\/wp\/v2\/product_tag?post=25448"}],"curies":[{"name":"wp","href":"https:\/\/api.w.org\/{rel}","templated":true}]}}