{"id":21616,"date":"2023-08-23T13:08:09","date_gmt":"2023-08-23T13:08:09","guid":{"rendered":"https:\/\/ta3liemshop.com\/product\/al-tasis-al-motakamil-libro-de-al-sukoon-al-tanwin-y-al-shadda-nivel-tres-3\/"},"modified":"2023-08-23T13:08:09","modified_gmt":"2023-08-23T13:08:09","slug":"al-tasis-al-motakamil-libro-de-al-sukoon-al-tanwin-y-al-shadda-nivel-tres-3","status":"publish","type":"product","link":"https:\/\/ta3liemshop.com\/es\/product\/al-tasis-al-motakamil-libro-de-al-sukoon-al-tanwin-y-al-shadda-nivel-tres-3\/","title":{"rendered":"Al-Tasis Al-Motakamil Libro de Al-Sukoon, Al-Tanwin y Al-Shadda \u2013 Nivel Tres (3)"},"content":{"rendered":"<p>En este libro aprendemos la forma de pronunciar la consonante, conocemos el tanwin y la diferencia entre \u00e9l y la letra n original. Tambi\u00e9n aprendemos la regla de la duplicaci\u00f3n y la forma de pronunciar la letra enf\u00e1tica, y practicamos la formaci\u00f3n, lectura y escritura de un gran conjunto de vocabulario que supera las 800 palabras, acompa\u00f1ado de im\u00e1genes ilustrativas y habilidades interactivas.  <\/p>\n","protected":false},"excerpt":{"rendered":"<p>En este libro aprendemos la forma de pronunciar la consonante, conocemos el tanwin y la diferencia entre \u00e9l y la<\/p>\n","protected":false},"featured_media":21617,"comment_status":"open","ping_status":"closed","template":"","meta":[],"product_brand":[],"product_cat":[369,396,388,386,367,394,366],"product_tag":[],"class_list":{"0":"post-21616","1":"product","2":"type-product","3":"status-publish","4":"has-post-thumbnail","6":"product_cat-al-tasis-al-motakamil","7":"product_cat-al-tasis-al-motakamil-para-adultos","8":"product_cat-al-tasis-al-motakamil-alumnos","9":"product_cat-alumnos-6-12-anos","10":"product_cat-buscar-por-metodo-de-ensenanza","11":"product_cat-para-adultos","12":"product_cat-planes-de-estudios-arabes","14":"first","15":"instock","16":"shipping-taxable","17":"purchasable","18":"product-type-simple"},"_links":{"self":[{"href":"https:\/\/ta3liemshop.com\/es\/wp-json\/wp\/v2\/product\/21616","targetHints":{"allow":["GET"]}}],"collection":[{"href":"https:\/\/ta3liemshop.com\/es\/wp-json\/wp\/v2\/product"}],"about":[{"href":"https:\/\/ta3liemshop.com\/es\/wp-json\/wp\/v2\/types\/product"}],"replies":[{"embeddable":true,"href":"https:\/\/ta3liemshop.com\/es\/wp-json\/wp\/v2\/comments?post=21616"}],"version-history":[{"count":0,"href":"https:\/\/ta3liemshop.com\/es\/wp-json\/wp\/v2\/product\/21616\/revisions"}],"wp:featuredmedia":[{"embeddable":true,"href":"https:\/\/ta3liemshop.com\/es\/wp-json\/wp\/v2\/media\/21617"}],"wp:attachment":[{"href":"https:\/\/ta3liemshop.com\/es\/wp-json\/wp\/v2\/media?parent=21616"}],"wp:term":[{"taxonomy":"product_brand","embeddable":true,"href":"https:\/\/ta3liemshop.com\/es\/wp-json\/wp\/v2\/product_brand?post=21616"},{"taxonomy":"product_cat","embeddable":true,"href":"https:\/\/ta3liemshop.com\/es\/wp-json\/wp\/v2\/product_cat?post=21616"},{"taxonomy":"product_tag","embeddable":true,"href":"https:\/\/ta3liemshop.com\/es\/wp-json\/wp\/v2\/product_tag?post=21616"}],"curies":[{"name":"wp","href":"https:\/\/api.w.org\/{rel}","templated":true}]}}