{"id":21629,"date":"2023-08-23T13:35:57","date_gmt":"2023-08-23T13:35:57","guid":{"rendered":"https:\/\/ta3liemshop.com\/product\/al-tasis-al-motakamil-libro-de-reglas-de-lectura-y-escritura-nivel-cuatro-4\/"},"modified":"2023-08-23T13:35:57","modified_gmt":"2023-08-23T13:35:57","slug":"al-tasis-al-motakamil-libro-de-reglas-de-lectura-y-escritura-nivel-cuatro-4","status":"publish","type":"product","link":"https:\/\/ta3liemshop.com\/es\/product\/al-tasis-al-motakamil-libro-de-reglas-de-lectura-y-escritura-nivel-cuatro-4\/","title":{"rendered":"Al-Tasis Al-Motakamil Libro de reglas de lectura y escritura \u2013 Nivel Cuatro (4)"},"content":{"rendered":"<p>En este libro aprendemos las reglas de pronunciaci\u00f3n y escritura, diferenciamos entre la &#8216;taa&#8217; abierta, la &#8216;taa&#8217; cerrada y la &#8216;haa&#8217;, estudiamos las letras de corte y conexi\u00f3n, el art\u00edculo definido &#8216;Al&#8217; y otras reglas. Tambi\u00e9n practicamos la lectura y la dictado a trav\u00e9s de un amplio conjunto de palabras y oraciones que superan las 500, acompa\u00f1adas de im\u00e1genes ilustrativas y habilidades interactivas.    <\/p>\n","protected":false},"excerpt":{"rendered":"<p>En este libro aprendemos las reglas de pronunciaci\u00f3n y escritura, diferenciamos entre la &#8216;taa&#8217; abierta, la &#8216;taa&#8217; cerrada y la<\/p>\n","protected":false},"featured_media":21630,"comment_status":"open","ping_status":"closed","template":"","meta":[],"product_brand":[],"product_cat":[369,396,388,386,367,394,366],"product_tag":[],"class_list":{"0":"post-21629","1":"product","2":"type-product","3":"status-publish","4":"has-post-thumbnail","6":"product_cat-al-tasis-al-motakamil","7":"product_cat-al-tasis-al-motakamil-para-adultos","8":"product_cat-al-tasis-al-motakamil-alumnos","9":"product_cat-alumnos-6-12-anos","10":"product_cat-buscar-por-metodo-de-ensenanza","11":"product_cat-para-adultos","12":"product_cat-planes-de-estudios-arabes","14":"first","15":"instock","16":"shipping-taxable","17":"purchasable","18":"product-type-simple"},"_links":{"self":[{"href":"https:\/\/ta3liemshop.com\/es\/wp-json\/wp\/v2\/product\/21629","targetHints":{"allow":["GET"]}}],"collection":[{"href":"https:\/\/ta3liemshop.com\/es\/wp-json\/wp\/v2\/product"}],"about":[{"href":"https:\/\/ta3liemshop.com\/es\/wp-json\/wp\/v2\/types\/product"}],"replies":[{"embeddable":true,"href":"https:\/\/ta3liemshop.com\/es\/wp-json\/wp\/v2\/comments?post=21629"}],"version-history":[{"count":0,"href":"https:\/\/ta3liemshop.com\/es\/wp-json\/wp\/v2\/product\/21629\/revisions"}],"wp:featuredmedia":[{"embeddable":true,"href":"https:\/\/ta3liemshop.com\/es\/wp-json\/wp\/v2\/media\/21630"}],"wp:attachment":[{"href":"https:\/\/ta3liemshop.com\/es\/wp-json\/wp\/v2\/media?parent=21629"}],"wp:term":[{"taxonomy":"product_brand","embeddable":true,"href":"https:\/\/ta3liemshop.com\/es\/wp-json\/wp\/v2\/product_brand?post=21629"},{"taxonomy":"product_cat","embeddable":true,"href":"https:\/\/ta3liemshop.com\/es\/wp-json\/wp\/v2\/product_cat?post=21629"},{"taxonomy":"product_tag","embeddable":true,"href":"https:\/\/ta3liemshop.com\/es\/wp-json\/wp\/v2\/product_tag?post=21629"}],"curies":[{"name":"wp","href":"https:\/\/api.w.org\/{rel}","templated":true}]}}