{"id":21730,"date":"2023-08-16T13:35:07","date_gmt":"2023-08-16T13:35:07","guid":{"rendered":"https:\/\/ta3liemshop.com\/product\/en-el-jardin-de-la-lengua-arabe-libro-de-estudio-y-gramatica-simplificada-nivel-cinco-5\/"},"modified":"2023-08-16T13:35:07","modified_gmt":"2023-08-16T13:35:07","slug":"en-el-jardin-de-la-lengua-arabe-libro-de-estudio-y-gramatica-simplificada-nivel-cinco-5","status":"publish","type":"product","link":"https:\/\/ta3liemshop.com\/es\/product\/en-el-jardin-de-la-lengua-arabe-libro-de-estudio-y-gramatica-simplificada-nivel-cinco-5\/","title":{"rendered":"En el Jard\u00edn de la Lengua \u00c1rabe \u2013 (Libro de estudio y gram\u00e1tica simplificada) nivel cinco (5)"},"content":{"rendered":"<p>En el quinto nivel de la serie (En el Jard\u00edn de la Lengua \u00c1rabe), el estudiante adquiere nuevas habilidades que le ayudar\u00e1n a aprender el \u00e1rabe como segunda lengua para aquellos que no la hablan.<\/p>\n","protected":false},"excerpt":{"rendered":"<p>En el quinto nivel de la serie (En el Jard\u00edn de la Lengua \u00c1rabe), el estudiante adquiere nuevas habilidades que<\/p>\n","protected":false},"featured_media":21731,"comment_status":"open","ping_status":"closed","template":"","meta":[],"product_brand":[],"product_cat":[386,367,372,393,366],"product_tag":[],"class_list":{"0":"post-21730","1":"product","2":"type-product","3":"status-publish","4":"has-post-thumbnail","6":"product_cat-alumnos-6-12-anos","7":"product_cat-buscar-por-metodo-de-ensenanza","8":"product_cat-en-el-jardin-de-la-lengua-arabe","9":"product_cat-en-el-jardin-de-la-lengua-arabe-alumnos","10":"product_cat-planes-de-estudios-arabes","12":"first","13":"instock","14":"shipping-taxable","15":"purchasable","16":"product-type-simple"},"_links":{"self":[{"href":"https:\/\/ta3liemshop.com\/es\/wp-json\/wp\/v2\/product\/21730","targetHints":{"allow":["GET"]}}],"collection":[{"href":"https:\/\/ta3liemshop.com\/es\/wp-json\/wp\/v2\/product"}],"about":[{"href":"https:\/\/ta3liemshop.com\/es\/wp-json\/wp\/v2\/types\/product"}],"replies":[{"embeddable":true,"href":"https:\/\/ta3liemshop.com\/es\/wp-json\/wp\/v2\/comments?post=21730"}],"version-history":[{"count":0,"href":"https:\/\/ta3liemshop.com\/es\/wp-json\/wp\/v2\/product\/21730\/revisions"}],"wp:featuredmedia":[{"embeddable":true,"href":"https:\/\/ta3liemshop.com\/es\/wp-json\/wp\/v2\/media\/21731"}],"wp:attachment":[{"href":"https:\/\/ta3liemshop.com\/es\/wp-json\/wp\/v2\/media?parent=21730"}],"wp:term":[{"taxonomy":"product_brand","embeddable":true,"href":"https:\/\/ta3liemshop.com\/es\/wp-json\/wp\/v2\/product_brand?post=21730"},{"taxonomy":"product_cat","embeddable":true,"href":"https:\/\/ta3liemshop.com\/es\/wp-json\/wp\/v2\/product_cat?post=21730"},{"taxonomy":"product_tag","embeddable":true,"href":"https:\/\/ta3liemshop.com\/es\/wp-json\/wp\/v2\/product_tag?post=21730"}],"curies":[{"name":"wp","href":"https:\/\/api.w.org\/{rel}","templated":true}]}}