{"id":22121,"date":"2024-09-27T05:33:29","date_gmt":"2024-09-27T05:33:29","guid":{"rendered":"https:\/\/ta3liemshop.com\/product\/tajweed-del-coran-segun-la-narracion-de-warsh-con-significados-de-palabras-y-un-indice-tematico\/"},"modified":"2024-09-27T05:33:29","modified_gmt":"2024-09-27T05:33:29","slug":"tajweed-del-coran-segun-la-narracion-de-warsh-con-significados-de-palabras-y-un-indice-tematico","status":"publish","type":"product","link":"https:\/\/ta3liemshop.com\/es\/product\/tajweed-del-coran-segun-la-narracion-de-warsh-con-significados-de-palabras-y-un-indice-tematico\/","title":{"rendered":"Tajweed del Cor\u00e1n seg\u00fan la narraci\u00f3n de Warsh (con significados de palabras y un \u00edndice tem\u00e1tico)"},"content":{"rendered":"","protected":false},"excerpt":{"rendered":"","protected":false},"featured_media":22122,"comment_status":"open","ping_status":"closed","template":"","meta":[],"product_brand":[],"product_cat":[361],"product_tag":[],"class_list":{"0":"post-22121","1":"product","2":"type-product","3":"status-publish","4":"has-post-thumbnail","6":"product_cat-coran-y-tajweed","8":"first","9":"instock","10":"shipping-taxable","11":"purchasable","12":"product-type-simple"},"_links":{"self":[{"href":"https:\/\/ta3liemshop.com\/es\/wp-json\/wp\/v2\/product\/22121","targetHints":{"allow":["GET"]}}],"collection":[{"href":"https:\/\/ta3liemshop.com\/es\/wp-json\/wp\/v2\/product"}],"about":[{"href":"https:\/\/ta3liemshop.com\/es\/wp-json\/wp\/v2\/types\/product"}],"replies":[{"embeddable":true,"href":"https:\/\/ta3liemshop.com\/es\/wp-json\/wp\/v2\/comments?post=22121"}],"version-history":[{"count":0,"href":"https:\/\/ta3liemshop.com\/es\/wp-json\/wp\/v2\/product\/22121\/revisions"}],"wp:featuredmedia":[{"embeddable":true,"href":"https:\/\/ta3liemshop.com\/es\/wp-json\/wp\/v2\/media\/22122"}],"wp:attachment":[{"href":"https:\/\/ta3liemshop.com\/es\/wp-json\/wp\/v2\/media?parent=22121"}],"wp:term":[{"taxonomy":"product_brand","embeddable":true,"href":"https:\/\/ta3liemshop.com\/es\/wp-json\/wp\/v2\/product_brand?post=22121"},{"taxonomy":"product_cat","embeddable":true,"href":"https:\/\/ta3liemshop.com\/es\/wp-json\/wp\/v2\/product_cat?post=22121"},{"taxonomy":"product_tag","embeddable":true,"href":"https:\/\/ta3liemshop.com\/es\/wp-json\/wp\/v2\/product_tag?post=22121"}],"curies":[{"name":"wp","href":"https:\/\/api.w.org\/{rel}","templated":true}]}}