{"id":22294,"date":"2023-08-18T14:00:14","date_gmt":"2023-08-18T14:00:14","guid":{"rendered":"https:\/\/ta3liemshop.com\/product\/serie-al-mostakbal-ensenanza-de-la-lectura-y-la-escritura-nivel-preparatorio-tres-3\/"},"modified":"2023-08-18T14:00:14","modified_gmt":"2023-08-18T14:00:14","slug":"serie-al-mostakbal-ensenanza-de-la-lectura-y-la-escritura-nivel-preparatorio-tres-3","status":"publish","type":"product","link":"https:\/\/ta3liemshop.com\/es\/product\/serie-al-mostakbal-ensenanza-de-la-lectura-y-la-escritura-nivel-preparatorio-tres-3\/","title":{"rendered":"S\u00e9rie Al-Mostakbal Ense\u00f1anza de la lectura y la escritura &#8211; Nivel preparatorio tres (3)"},"content":{"rendered":"<p>Serie Al-Mostakbal Ense\u00f1anza de la lectura y la escritura &#8211; Nivel preparatorio tres (3). Esta es una serie educativa completa, basada en principios cient\u00edficos que cumplen con las especificaciones de los libros escolares modernos. Los programas son modernos y c\u00f3modos, teniendo en cuenta las inclinaciones psicol\u00f3gicas, intelectuales y culturales de los estudiantes. Se utiliza la tecnolog\u00eda del l\u00e1piz hablante para facilitar el aprendizaje, integrando el sonido directamente en el texto, lo que facilita el proceso de autoaprendizaje para nuestros ni\u00f1os.  <\/p>\n","protected":false},"excerpt":{"rendered":"<p>Serie Al-Mostakbal Ense\u00f1anza de la lectura y la escritura &#8211; Nivel preparatorio tres (3). Esta es una serie educativa completa,<\/p>\n","protected":false},"featured_media":22295,"comment_status":"open","ping_status":"closed","template":"","meta":[],"product_brand":[],"product_cat":[392,383,386,367,379,373,366],"product_tag":[],"class_list":{"0":"post-22294","1":"product","2":"type-product","3":"status-publish","4":"has-post-thumbnail","6":"product_cat-al-mostakbal-alumnos","7":"product_cat-al-mostakbal-preescolar","8":"product_cat-alumnos-6-12-anos","9":"product_cat-buscar-por-metodo-de-ensenanza","10":"product_cat-etapa-preescolar-3-5-anos","11":"product_cat-futuro-digital","12":"product_cat-planes-de-estudios-arabes","14":"first","15":"instock","16":"shipping-taxable","17":"purchasable","18":"product-type-simple"},"_links":{"self":[{"href":"https:\/\/ta3liemshop.com\/es\/wp-json\/wp\/v2\/product\/22294","targetHints":{"allow":["GET"]}}],"collection":[{"href":"https:\/\/ta3liemshop.com\/es\/wp-json\/wp\/v2\/product"}],"about":[{"href":"https:\/\/ta3liemshop.com\/es\/wp-json\/wp\/v2\/types\/product"}],"replies":[{"embeddable":true,"href":"https:\/\/ta3liemshop.com\/es\/wp-json\/wp\/v2\/comments?post=22294"}],"version-history":[{"count":0,"href":"https:\/\/ta3liemshop.com\/es\/wp-json\/wp\/v2\/product\/22294\/revisions"}],"wp:featuredmedia":[{"embeddable":true,"href":"https:\/\/ta3liemshop.com\/es\/wp-json\/wp\/v2\/media\/22295"}],"wp:attachment":[{"href":"https:\/\/ta3liemshop.com\/es\/wp-json\/wp\/v2\/media?parent=22294"}],"wp:term":[{"taxonomy":"product_brand","embeddable":true,"href":"https:\/\/ta3liemshop.com\/es\/wp-json\/wp\/v2\/product_brand?post=22294"},{"taxonomy":"product_cat","embeddable":true,"href":"https:\/\/ta3liemshop.com\/es\/wp-json\/wp\/v2\/product_cat?post=22294"},{"taxonomy":"product_tag","embeddable":true,"href":"https:\/\/ta3liemshop.com\/es\/wp-json\/wp\/v2\/product_tag?post=22294"}],"curies":[{"name":"wp","href":"https:\/\/api.w.org\/{rel}","templated":true}]}}