{"id":22302,"date":"2023-08-18T14:30:31","date_gmt":"2023-08-18T14:30:31","guid":{"rendered":"https:\/\/ta3liemshop.com\/product\/serie-al-mostakbal-ensenanza-de-la-lectura-y-la-escritura-nivel-preparatorio-uno-1-dos-2-tres-3\/"},"modified":"2023-08-18T14:30:31","modified_gmt":"2023-08-18T14:30:31","slug":"serie-al-mostakbal-ensenanza-de-la-lectura-y-la-escritura-nivel-preparatorio-uno-1-dos-2-tres-3","status":"publish","type":"product","link":"https:\/\/ta3liemshop.com\/es\/product\/serie-al-mostakbal-ensenanza-de-la-lectura-y-la-escritura-nivel-preparatorio-uno-1-dos-2-tres-3\/","title":{"rendered":"Serie Al-Mostakbal Ense\u00f1anza de la lectura y la escritura &#8211; Nivel preparatorio (Uno (1) + Dos (2) + Tres (3))"},"content":{"rendered":"<p>Serie Al-Mostakbal Ense\u00f1anza de la lectura y la escritura &#8211; Nivel preparatorio (Uno (1) + Dos (2) + Tres (3)) es una serie educativa integral, basada en fundamentos cient\u00edficos que cumplen con las especificaciones de los libros de texto modernos. Los curr\u00edculos son modernos y c\u00f3modos, teniendo en cuenta las inclinaciones psicol\u00f3gicas, intelectuales y culturales de los estudiantes. Se utiliza la tecnolog\u00eda del bol\u00edgrafo parlante para facilitar el aprendizaje, integrando el sonido directamente en el texto, lo que facilita el proceso de autoaprendizaje de nuestros ni\u00f1os.  <\/p>\n","protected":false},"excerpt":{"rendered":"<p>Serie Al-Mostakbal Ense\u00f1anza de la lectura y la escritura &#8211; Nivel preparatorio (Uno (1) + Dos (2) + Tres (3))<\/p>\n","protected":false},"featured_media":22303,"comment_status":"open","ping_status":"closed","template":"","meta":[],"product_brand":[],"product_cat":[392,383,386,367,379,373,366],"product_tag":[],"class_list":{"0":"post-22302","1":"product","2":"type-product","3":"status-publish","4":"has-post-thumbnail","6":"product_cat-al-mostakbal-alumnos","7":"product_cat-al-mostakbal-preescolar","8":"product_cat-alumnos-6-12-anos","9":"product_cat-buscar-por-metodo-de-ensenanza","10":"product_cat-etapa-preescolar-3-5-anos","11":"product_cat-futuro-digital","12":"product_cat-planes-de-estudios-arabes","14":"first","15":"instock","16":"sale","17":"shipping-taxable","18":"purchasable","19":"product-type-simple"},"_links":{"self":[{"href":"https:\/\/ta3liemshop.com\/es\/wp-json\/wp\/v2\/product\/22302","targetHints":{"allow":["GET"]}}],"collection":[{"href":"https:\/\/ta3liemshop.com\/es\/wp-json\/wp\/v2\/product"}],"about":[{"href":"https:\/\/ta3liemshop.com\/es\/wp-json\/wp\/v2\/types\/product"}],"replies":[{"embeddable":true,"href":"https:\/\/ta3liemshop.com\/es\/wp-json\/wp\/v2\/comments?post=22302"}],"version-history":[{"count":0,"href":"https:\/\/ta3liemshop.com\/es\/wp-json\/wp\/v2\/product\/22302\/revisions"}],"wp:featuredmedia":[{"embeddable":true,"href":"https:\/\/ta3liemshop.com\/es\/wp-json\/wp\/v2\/media\/22303"}],"wp:attachment":[{"href":"https:\/\/ta3liemshop.com\/es\/wp-json\/wp\/v2\/media?parent=22302"}],"wp:term":[{"taxonomy":"product_brand","embeddable":true,"href":"https:\/\/ta3liemshop.com\/es\/wp-json\/wp\/v2\/product_brand?post=22302"},{"taxonomy":"product_cat","embeddable":true,"href":"https:\/\/ta3liemshop.com\/es\/wp-json\/wp\/v2\/product_cat?post=22302"},{"taxonomy":"product_tag","embeddable":true,"href":"https:\/\/ta3liemshop.com\/es\/wp-json\/wp\/v2\/product_tag?post=22302"}],"curies":[{"name":"wp","href":"https:\/\/api.w.org\/{rel}","templated":true}]}}