{"id":22322,"date":"2023-08-18T16:34:22","date_gmt":"2023-08-18T16:34:22","guid":{"rendered":"https:\/\/ta3liemshop.com\/product\/serie-al-mostakbal-para-la-ensenanza-de-la-lectura-y-la-escritura-niveles-uno-1-dos-2-tres-3\/"},"modified":"2023-08-18T16:34:22","modified_gmt":"2023-08-18T16:34:22","slug":"serie-al-mostakbal-para-la-ensenanza-de-la-lectura-y-la-escritura-niveles-uno-1-dos-2-tres-3","status":"publish","type":"product","link":"https:\/\/ta3liemshop.com\/es\/product\/serie-al-mostakbal-para-la-ensenanza-de-la-lectura-y-la-escritura-niveles-uno-1-dos-2-tres-3\/","title":{"rendered":"Serie Al-Mostakbal para la ense\u00f1anza de la lectura y la escritura &#8211; Niveles (uno (1) + dos (2) + tres (3))"},"content":{"rendered":"<p>Serie Al-Mostakbal para la ense\u00f1anza de la lectura y la escritura &#8211; Niveles (uno (1) + dos (2) + tres (3)). Es una serie educativa integral, basada en principios cient\u00edficos que cumplen con las especificaciones de los libros escolares modernos. Ofrece programas modernos y c\u00f3modos que consideran las inclinaciones psicol\u00f3gicas, intelectuales y culturales de los estudiantes. Utiliza la tecnolog\u00eda del bol\u00edgrafo hablante para facilitar el aprendizaje, integrando el sonido directamente en el texto, lo que simplifica el proceso de aprendizaje autodidacta para nuestros ni\u00f1os.  <\/p>\n","protected":false},"excerpt":{"rendered":"<p>Serie Al-Mostakbal para la ense\u00f1anza de la lectura y la escritura &#8211; Niveles (uno (1) + dos (2) + tres<\/p>\n","protected":false},"featured_media":22323,"comment_status":"open","ping_status":"closed","template":"","meta":[],"product_brand":[],"product_cat":[392,386,367,373,366],"product_tag":[],"class_list":{"0":"post-22322","1":"product","2":"type-product","3":"status-publish","4":"has-post-thumbnail","6":"product_cat-al-mostakbal-alumnos","7":"product_cat-alumnos-6-12-anos","8":"product_cat-buscar-por-metodo-de-ensenanza","9":"product_cat-futuro-digital","10":"product_cat-planes-de-estudios-arabes","12":"first","13":"instock","14":"sale","15":"shipping-taxable","16":"purchasable","17":"product-type-simple"},"_links":{"self":[{"href":"https:\/\/ta3liemshop.com\/es\/wp-json\/wp\/v2\/product\/22322","targetHints":{"allow":["GET"]}}],"collection":[{"href":"https:\/\/ta3liemshop.com\/es\/wp-json\/wp\/v2\/product"}],"about":[{"href":"https:\/\/ta3liemshop.com\/es\/wp-json\/wp\/v2\/types\/product"}],"replies":[{"embeddable":true,"href":"https:\/\/ta3liemshop.com\/es\/wp-json\/wp\/v2\/comments?post=22322"}],"version-history":[{"count":0,"href":"https:\/\/ta3liemshop.com\/es\/wp-json\/wp\/v2\/product\/22322\/revisions"}],"wp:featuredmedia":[{"embeddable":true,"href":"https:\/\/ta3liemshop.com\/es\/wp-json\/wp\/v2\/media\/22323"}],"wp:attachment":[{"href":"https:\/\/ta3liemshop.com\/es\/wp-json\/wp\/v2\/media?parent=22322"}],"wp:term":[{"taxonomy":"product_brand","embeddable":true,"href":"https:\/\/ta3liemshop.com\/es\/wp-json\/wp\/v2\/product_brand?post=22322"},{"taxonomy":"product_cat","embeddable":true,"href":"https:\/\/ta3liemshop.com\/es\/wp-json\/wp\/v2\/product_cat?post=22322"},{"taxonomy":"product_tag","embeddable":true,"href":"https:\/\/ta3liemshop.com\/es\/wp-json\/wp\/v2\/product_tag?post=22322"}],"curies":[{"name":"wp","href":"https:\/\/api.w.org\/{rel}","templated":true}]}}