{"id":22336,"date":"2023-08-19T14:35:23","date_gmt":"2023-08-19T14:35:23","guid":{"rendered":"https:\/\/ta3liemshop.com\/product\/serie-al-mostakbal-de-ensenanza-de-la-lectura-y-escritura-nivel-cuarto-4-quinto-5-sexto-6\/"},"modified":"2023-08-19T14:35:23","modified_gmt":"2023-08-19T14:35:23","slug":"serie-al-mostakbal-de-ensenanza-de-la-lectura-y-escritura-nivel-cuarto-4-quinto-5-sexto-6","status":"publish","type":"product","link":"https:\/\/ta3liemshop.com\/es\/product\/serie-al-mostakbal-de-ensenanza-de-la-lectura-y-escritura-nivel-cuarto-4-quinto-5-sexto-6\/","title":{"rendered":"Serie Al-Mostakbal de ense\u00f1anza de la lectura y escritura &#8211; nivel (cuarto (4) + quinto (5) + sexto (6))"},"content":{"rendered":"<p>Serie Al-Mostakbal de ense\u00f1anza de la lectura y escritura &#8211; nivel (cuarto (4) + quinto (5) + sexto (6)). Es una serie educativa integral, basada en fundamentos cient\u00edficos que cumplen con las especificaciones de los libros de texto modernos. Curr\u00edculos modernos y c\u00f3modos que tienen en cuenta las inclinaciones psicol\u00f3gicas, intelectuales y culturales del estudiante. Se utiliza la tecnolog\u00eda del l\u00e1piz hablante para facilitar el aprendizaje, integrando el sonido directamente en el texto, lo que facilita el proceso de aprendizaje aut\u00f3nomo para nuestros ni\u00f1os.  <\/p>\n","protected":false},"excerpt":{"rendered":"<p>Serie Al-Mostakbal de ense\u00f1anza de la lectura y escritura &#8211; nivel (cuarto (4) + quinto (5) + sexto (6)). Es<\/p>\n","protected":false},"featured_media":22337,"comment_status":"open","ping_status":"closed","template":"","meta":[],"product_brand":[],"product_cat":[392,386,367,373,366],"product_tag":[],"class_list":{"0":"post-22336","1":"product","2":"type-product","3":"status-publish","4":"has-post-thumbnail","6":"product_cat-al-mostakbal-alumnos","7":"product_cat-alumnos-6-12-anos","8":"product_cat-buscar-por-metodo-de-ensenanza","9":"product_cat-futuro-digital","10":"product_cat-planes-de-estudios-arabes","12":"first","13":"instock","14":"sale","15":"shipping-taxable","16":"purchasable","17":"product-type-simple"},"_links":{"self":[{"href":"https:\/\/ta3liemshop.com\/es\/wp-json\/wp\/v2\/product\/22336","targetHints":{"allow":["GET"]}}],"collection":[{"href":"https:\/\/ta3liemshop.com\/es\/wp-json\/wp\/v2\/product"}],"about":[{"href":"https:\/\/ta3liemshop.com\/es\/wp-json\/wp\/v2\/types\/product"}],"replies":[{"embeddable":true,"href":"https:\/\/ta3liemshop.com\/es\/wp-json\/wp\/v2\/comments?post=22336"}],"version-history":[{"count":0,"href":"https:\/\/ta3liemshop.com\/es\/wp-json\/wp\/v2\/product\/22336\/revisions"}],"wp:featuredmedia":[{"embeddable":true,"href":"https:\/\/ta3liemshop.com\/es\/wp-json\/wp\/v2\/media\/22337"}],"wp:attachment":[{"href":"https:\/\/ta3liemshop.com\/es\/wp-json\/wp\/v2\/media?parent=22336"}],"wp:term":[{"taxonomy":"product_brand","embeddable":true,"href":"https:\/\/ta3liemshop.com\/es\/wp-json\/wp\/v2\/product_brand?post=22336"},{"taxonomy":"product_cat","embeddable":true,"href":"https:\/\/ta3liemshop.com\/es\/wp-json\/wp\/v2\/product_cat?post=22336"},{"taxonomy":"product_tag","embeddable":true,"href":"https:\/\/ta3liemshop.com\/es\/wp-json\/wp\/v2\/product_tag?post=22336"}],"curies":[{"name":"wp","href":"https:\/\/api.w.org\/{rel}","templated":true}]}}