{"id":22341,"date":"2023-08-20T12:32:00","date_gmt":"2023-08-20T12:32:00","guid":{"rendered":"https:\/\/ta3liemshop.com\/product\/bolsa-al-mostakbal-para-la-ensenanza-de-la-lectura-y-la-escritura-nivel-preparatorio-uno-1\/"},"modified":"2023-08-20T12:32:00","modified_gmt":"2023-08-20T12:32:00","slug":"bolsa-al-mostakbal-para-la-ensenanza-de-la-lectura-y-la-escritura-nivel-preparatorio-uno-1","status":"publish","type":"product","link":"https:\/\/ta3liemshop.com\/es\/product\/bolsa-al-mostakbal-para-la-ensenanza-de-la-lectura-y-la-escritura-nivel-preparatorio-uno-1\/","title":{"rendered":"Bolsa Al-Mostakbal para la ense\u00f1anza de la lectura y la escritura \u2013 nivel preparatorio uno (1)"},"content":{"rendered":"<p>Bolsa Al-Mostakbal para la ense\u00f1anza de la lectura y la escritura \u2013 nivel preparatorio uno (1)<br \/>Grupo de edad: 3-6 a\u00f1os. Un curso educativo integral para ense\u00f1ar el idioma \u00e1rabe a nuestras j\u00f3venes estudiantes en diferentes niveles.<br \/>\u2013 Tarjetas educativas variadas para las letras del alfabeto y sus complementos, as\u00ed como las palabras clave m\u00e1s importantes (colores, formas, animales, comida, etc.).<br \/>\u2013 Pegatinas grandes que ayudan al ni\u00f1o en el proceso educativo.<br \/>\u2013 Una gu\u00eda educativa para padres y maestros para orientar al ni\u00f1o en el proceso de aprendizaje.<br \/>\u2013 Actividades, ejercicios y juegos que ayudan al estudiante a aprender y disfrutar al mismo tiempo.    <\/p>\n","protected":false},"excerpt":{"rendered":"<p>Bolsa Al-Mostakbal para la ense\u00f1anza de la lectura y la escritura \u2013 nivel preparatorio uno (1)Grupo de edad: 3-6 a\u00f1os.<\/p>\n","protected":false},"featured_media":22342,"comment_status":"open","ping_status":"closed","template":"","meta":[],"product_brand":[],"product_cat":[392,383,386,367,379,373,366],"product_tag":[],"class_list":{"0":"post-22341","1":"product","2":"type-product","3":"status-publish","4":"has-post-thumbnail","6":"product_cat-al-mostakbal-alumnos","7":"product_cat-al-mostakbal-preescolar","8":"product_cat-alumnos-6-12-anos","9":"product_cat-buscar-por-metodo-de-ensenanza","10":"product_cat-etapa-preescolar-3-5-anos","11":"product_cat-futuro-digital","12":"product_cat-planes-de-estudios-arabes","14":"first","15":"instock","16":"shipping-taxable","17":"purchasable","18":"product-type-simple"},"_links":{"self":[{"href":"https:\/\/ta3liemshop.com\/es\/wp-json\/wp\/v2\/product\/22341","targetHints":{"allow":["GET"]}}],"collection":[{"href":"https:\/\/ta3liemshop.com\/es\/wp-json\/wp\/v2\/product"}],"about":[{"href":"https:\/\/ta3liemshop.com\/es\/wp-json\/wp\/v2\/types\/product"}],"replies":[{"embeddable":true,"href":"https:\/\/ta3liemshop.com\/es\/wp-json\/wp\/v2\/comments?post=22341"}],"version-history":[{"count":0,"href":"https:\/\/ta3liemshop.com\/es\/wp-json\/wp\/v2\/product\/22341\/revisions"}],"wp:featuredmedia":[{"embeddable":true,"href":"https:\/\/ta3liemshop.com\/es\/wp-json\/wp\/v2\/media\/22342"}],"wp:attachment":[{"href":"https:\/\/ta3liemshop.com\/es\/wp-json\/wp\/v2\/media?parent=22341"}],"wp:term":[{"taxonomy":"product_brand","embeddable":true,"href":"https:\/\/ta3liemshop.com\/es\/wp-json\/wp\/v2\/product_brand?post=22341"},{"taxonomy":"product_cat","embeddable":true,"href":"https:\/\/ta3liemshop.com\/es\/wp-json\/wp\/v2\/product_cat?post=22341"},{"taxonomy":"product_tag","embeddable":true,"href":"https:\/\/ta3liemshop.com\/es\/wp-json\/wp\/v2\/product_tag?post=22341"}],"curies":[{"name":"wp","href":"https:\/\/api.w.org\/{rel}","templated":true}]}}