{"id":22362,"date":"2023-08-20T13:33:39","date_gmt":"2023-08-20T13:33:39","guid":{"rendered":"https:\/\/ta3liemshop.com\/product\/bolsa-al-mostakbal-para-la-ensenanza-de-la-lectura-y-escritura-nivel-preparatorio-tres-3\/"},"modified":"2023-08-20T13:33:39","modified_gmt":"2023-08-20T13:33:39","slug":"bolsa-al-mostakbal-para-la-ensenanza-de-la-lectura-y-escritura-nivel-preparatorio-tres-3","status":"publish","type":"product","link":"https:\/\/ta3liemshop.com\/es\/product\/bolsa-al-mostakbal-para-la-ensenanza-de-la-lectura-y-escritura-nivel-preparatorio-tres-3\/","title":{"rendered":"Bolsa Al-Mostakbal para la ense\u00f1anza de la lectura y escritura \u2013 Nivel preparatorio tres (3)"},"content":{"rendered":"<p>Bolsa Al-Mostakbal para la ense\u00f1anza de la lectura y escritura \u2013 Nivel preparatorio tres (3). Grupo de edad de 3 a 6 a\u00f1os. Curso educativo integral en la ense\u00f1anza del idioma \u00e1rabe para nuestras estudiantes j\u00f3venes en diferentes niveles. &#8211; Tarjetas educativas variadas para las letras del alfabeto y sus complementos, as\u00ed como las palabras clave esenciales (colores, formas, animales, comida, etc.). Carteles ilustrativos grandes que ayudan al ni\u00f1o en el proceso de aprendizaje. Gu\u00eda educativa para padres y maestros para orientar al ni\u00f1o en el proceso educativo. Actividades, ejercicios y juegos que ayudan al estudiante a aprender y disfrutar al mismo tiempo.    <\/p>\n","protected":false},"excerpt":{"rendered":"<p>Bolsa Al-Mostakbal para la ense\u00f1anza de la lectura y escritura \u2013 Nivel preparatorio tres (3). Grupo de edad de 3<\/p>\n","protected":false},"featured_media":22363,"comment_status":"open","ping_status":"closed","template":"","meta":[],"product_brand":[],"product_cat":[392,383,386,367,379,373,366],"product_tag":[],"class_list":{"0":"post-22362","1":"product","2":"type-product","3":"status-publish","4":"has-post-thumbnail","6":"product_cat-al-mostakbal-alumnos","7":"product_cat-al-mostakbal-preescolar","8":"product_cat-alumnos-6-12-anos","9":"product_cat-buscar-por-metodo-de-ensenanza","10":"product_cat-etapa-preescolar-3-5-anos","11":"product_cat-futuro-digital","12":"product_cat-planes-de-estudios-arabes","14":"first","15":"instock","16":"shipping-taxable","17":"purchasable","18":"product-type-simple"},"_links":{"self":[{"href":"https:\/\/ta3liemshop.com\/es\/wp-json\/wp\/v2\/product\/22362","targetHints":{"allow":["GET"]}}],"collection":[{"href":"https:\/\/ta3liemshop.com\/es\/wp-json\/wp\/v2\/product"}],"about":[{"href":"https:\/\/ta3liemshop.com\/es\/wp-json\/wp\/v2\/types\/product"}],"replies":[{"embeddable":true,"href":"https:\/\/ta3liemshop.com\/es\/wp-json\/wp\/v2\/comments?post=22362"}],"version-history":[{"count":0,"href":"https:\/\/ta3liemshop.com\/es\/wp-json\/wp\/v2\/product\/22362\/revisions"}],"wp:featuredmedia":[{"embeddable":true,"href":"https:\/\/ta3liemshop.com\/es\/wp-json\/wp\/v2\/media\/22363"}],"wp:attachment":[{"href":"https:\/\/ta3liemshop.com\/es\/wp-json\/wp\/v2\/media?parent=22362"}],"wp:term":[{"taxonomy":"product_brand","embeddable":true,"href":"https:\/\/ta3liemshop.com\/es\/wp-json\/wp\/v2\/product_brand?post=22362"},{"taxonomy":"product_cat","embeddable":true,"href":"https:\/\/ta3liemshop.com\/es\/wp-json\/wp\/v2\/product_cat?post=22362"},{"taxonomy":"product_tag","embeddable":true,"href":"https:\/\/ta3liemshop.com\/es\/wp-json\/wp\/v2\/product_tag?post=22362"}],"curies":[{"name":"wp","href":"https:\/\/api.w.org\/{rel}","templated":true}]}}