{"id":22382,"date":"2023-08-20T14:35:35","date_gmt":"2023-08-20T14:35:35","guid":{"rendered":"https:\/\/ta3liemshop.com\/product\/bolsa-al-mostakbal-para-la-ensenanza-de-la-lectura-y-escritura-nivel-dos-2\/"},"modified":"2023-08-20T14:35:35","modified_gmt":"2023-08-20T14:35:35","slug":"bolsa-al-mostakbal-para-la-ensenanza-de-la-lectura-y-escritura-nivel-dos-2","status":"publish","type":"product","link":"https:\/\/ta3liemshop.com\/es\/product\/bolsa-al-mostakbal-para-la-ensenanza-de-la-lectura-y-escritura-nivel-dos-2\/","title":{"rendered":"Bolsa Al-Mostakbal para la ense\u00f1anza de la lectura y escritura \u2013 Nivel dos (2)"},"content":{"rendered":"<p>Bolsa Al-Mostakbal para la ense\u00f1anza de la lectura y la escritura \u2013 nivel dos (2)<br \/>Grupo de edad: 6-9 a\u00f1os. Curso educativo integral para la ense\u00f1anza de la lengua \u00e1rabe a nuestras j\u00f3venes estudiantes en diferentes niveles. Tarjetas educativas variadas para las letras del alfabeto y sus complementos, as\u00ed como las palabras clave m\u00e1s importantes (colores \/ formas \/ animales \/ alimentos, etc.). Etiquetas explicativas grandes que ayudan al ni\u00f1o en el proceso de aprendizaje. Gu\u00eda pedag\u00f3gica para padres y maestros para orientar al ni\u00f1o en el proceso educativo. Actividades, ejercicios y juegos que ayudan al estudiante a aprender y disfrutar al mismo tiempo.    <\/p>\n","protected":false},"excerpt":{"rendered":"<p>Bolsa Al-Mostakbal para la ense\u00f1anza de la lectura y la escritura \u2013 nivel dos (2)Grupo de edad: 6-9 a\u00f1os. Curso<\/p>\n","protected":false},"featured_media":22383,"comment_status":"open","ping_status":"closed","template":"","meta":[],"product_brand":[],"product_cat":[392,386,367,373,366],"product_tag":[],"class_list":{"0":"post-22382","1":"product","2":"type-product","3":"status-publish","4":"has-post-thumbnail","6":"product_cat-al-mostakbal-alumnos","7":"product_cat-alumnos-6-12-anos","8":"product_cat-buscar-por-metodo-de-ensenanza","9":"product_cat-futuro-digital","10":"product_cat-planes-de-estudios-arabes","12":"first","13":"instock","14":"shipping-taxable","15":"purchasable","16":"product-type-simple"},"_links":{"self":[{"href":"https:\/\/ta3liemshop.com\/es\/wp-json\/wp\/v2\/product\/22382","targetHints":{"allow":["GET"]}}],"collection":[{"href":"https:\/\/ta3liemshop.com\/es\/wp-json\/wp\/v2\/product"}],"about":[{"href":"https:\/\/ta3liemshop.com\/es\/wp-json\/wp\/v2\/types\/product"}],"replies":[{"embeddable":true,"href":"https:\/\/ta3liemshop.com\/es\/wp-json\/wp\/v2\/comments?post=22382"}],"version-history":[{"count":0,"href":"https:\/\/ta3liemshop.com\/es\/wp-json\/wp\/v2\/product\/22382\/revisions"}],"wp:featuredmedia":[{"embeddable":true,"href":"https:\/\/ta3liemshop.com\/es\/wp-json\/wp\/v2\/media\/22383"}],"wp:attachment":[{"href":"https:\/\/ta3liemshop.com\/es\/wp-json\/wp\/v2\/media?parent=22382"}],"wp:term":[{"taxonomy":"product_brand","embeddable":true,"href":"https:\/\/ta3liemshop.com\/es\/wp-json\/wp\/v2\/product_brand?post=22382"},{"taxonomy":"product_cat","embeddable":true,"href":"https:\/\/ta3liemshop.com\/es\/wp-json\/wp\/v2\/product_cat?post=22382"},{"taxonomy":"product_tag","embeddable":true,"href":"https:\/\/ta3liemshop.com\/es\/wp-json\/wp\/v2\/product_tag?post=22382"}],"curies":[{"name":"wp","href":"https:\/\/api.w.org\/{rel}","templated":true}]}}