{"id":22416,"date":"2023-08-24T13:08:22","date_gmt":"2023-08-24T13:08:22","guid":{"rendered":"https:\/\/ta3liemshop.com\/product\/juegos-linguisticos-en-manos-de-nuestros-hijos-serie-de-juegos-linguisticos-libro-tercero-3\/"},"modified":"2024-10-05T18:01:26","modified_gmt":"2024-10-05T18:01:26","slug":"juegos-linguisticos-en-manos-de-nuestros-hijos-serie-de-juegos-linguisticos-libro-tres-3","status":"publish","type":"product","link":"https:\/\/ta3liemshop.com\/es\/product\/juegos-linguisticos-en-manos-de-nuestros-hijos-serie-de-juegos-linguisticos-libro-tres-3\/","title":{"rendered":"Juegos ling\u00fc\u00edsticos en manos de nuestros hijos serie de juegos ling\u00fc\u00edsticos \u2013 Libro Tres (3)"},"content":{"rendered":"","protected":false},"excerpt":{"rendered":"","protected":false},"featured_media":22417,"comment_status":"open","ping_status":"closed","template":"","meta":[],"product_brand":[],"product_cat":[386,371,389,367,366],"product_tag":[],"class_list":{"0":"post-22416","1":"product","2":"type-product","3":"status-publish","4":"has-post-thumbnail","6":"product_cat-alumnos-6-12-anos","7":"product_cat-arabe-en-manos-de-nuestros-hijos","8":"product_cat-arabe-en-manos-de-nuestros-hijos-alumnos","9":"product_cat-buscar-por-metodo-de-ensenanza","10":"product_cat-planes-de-estudios-arabes","12":"first","13":"instock","14":"shipping-taxable","15":"purchasable","16":"product-type-simple"},"_links":{"self":[{"href":"https:\/\/ta3liemshop.com\/es\/wp-json\/wp\/v2\/product\/22416","targetHints":{"allow":["GET"]}}],"collection":[{"href":"https:\/\/ta3liemshop.com\/es\/wp-json\/wp\/v2\/product"}],"about":[{"href":"https:\/\/ta3liemshop.com\/es\/wp-json\/wp\/v2\/types\/product"}],"replies":[{"embeddable":true,"href":"https:\/\/ta3liemshop.com\/es\/wp-json\/wp\/v2\/comments?post=22416"}],"version-history":[{"count":0,"href":"https:\/\/ta3liemshop.com\/es\/wp-json\/wp\/v2\/product\/22416\/revisions"}],"wp:featuredmedia":[{"embeddable":true,"href":"https:\/\/ta3liemshop.com\/es\/wp-json\/wp\/v2\/media\/22417"}],"wp:attachment":[{"href":"https:\/\/ta3liemshop.com\/es\/wp-json\/wp\/v2\/media?parent=22416"}],"wp:term":[{"taxonomy":"product_brand","embeddable":true,"href":"https:\/\/ta3liemshop.com\/es\/wp-json\/wp\/v2\/product_brand?post=22416"},{"taxonomy":"product_cat","embeddable":true,"href":"https:\/\/ta3liemshop.com\/es\/wp-json\/wp\/v2\/product_cat?post=22416"},{"taxonomy":"product_tag","embeddable":true,"href":"https:\/\/ta3liemshop.com\/es\/wp-json\/wp\/v2\/product_tag?post=22416"}],"curies":[{"name":"wp","href":"https:\/\/api.w.org\/{rel}","templated":true}]}}