{"id":22506,"date":"2023-08-24T17:36:45","date_gmt":"2023-08-24T17:36:45","guid":{"rendered":"https:\/\/ta3liemshop.com\/product\/arabe-en-manos-de-nuestros-hijos-una-serie-sobre-la-ensenanza-del-idioma-arabe-libro-ocho-8\/"},"modified":"2023-08-24T17:36:45","modified_gmt":"2023-08-24T17:36:45","slug":"arabe-en-manos-de-nuestros-hijos-una-serie-sobre-la-ensenanza-del-idioma-arabe-libro-ocho-8","status":"publish","type":"product","link":"https:\/\/ta3liemshop.com\/es\/product\/arabe-en-manos-de-nuestros-hijos-una-serie-sobre-la-ensenanza-del-idioma-arabe-libro-ocho-8\/","title":{"rendered":"\u00c1rabe en manos de nuestros hijos: una serie sobre la ense\u00f1anza del idioma \u00e1rabe \u2013 Libro Ocho (8)"},"content":{"rendered":"","protected":false},"excerpt":{"rendered":"","protected":false},"featured_media":22507,"comment_status":"open","ping_status":"closed","template":"","meta":[],"product_brand":[],"product_cat":[386,371,389,367,366],"product_tag":[],"class_list":{"0":"post-22506","1":"product","2":"type-product","3":"status-publish","4":"has-post-thumbnail","6":"product_cat-alumnos-6-12-anos","7":"product_cat-arabe-en-manos-de-nuestros-hijos","8":"product_cat-arabe-en-manos-de-nuestros-hijos-alumnos","9":"product_cat-buscar-por-metodo-de-ensenanza","10":"product_cat-planes-de-estudios-arabes","12":"first","13":"instock","14":"shipping-taxable","15":"purchasable","16":"product-type-simple"},"_links":{"self":[{"href":"https:\/\/ta3liemshop.com\/es\/wp-json\/wp\/v2\/product\/22506","targetHints":{"allow":["GET"]}}],"collection":[{"href":"https:\/\/ta3liemshop.com\/es\/wp-json\/wp\/v2\/product"}],"about":[{"href":"https:\/\/ta3liemshop.com\/es\/wp-json\/wp\/v2\/types\/product"}],"replies":[{"embeddable":true,"href":"https:\/\/ta3liemshop.com\/es\/wp-json\/wp\/v2\/comments?post=22506"}],"version-history":[{"count":0,"href":"https:\/\/ta3liemshop.com\/es\/wp-json\/wp\/v2\/product\/22506\/revisions"}],"wp:featuredmedia":[{"embeddable":true,"href":"https:\/\/ta3liemshop.com\/es\/wp-json\/wp\/v2\/media\/22507"}],"wp:attachment":[{"href":"https:\/\/ta3liemshop.com\/es\/wp-json\/wp\/v2\/media?parent=22506"}],"wp:term":[{"taxonomy":"product_brand","embeddable":true,"href":"https:\/\/ta3liemshop.com\/es\/wp-json\/wp\/v2\/product_brand?post=22506"},{"taxonomy":"product_cat","embeddable":true,"href":"https:\/\/ta3liemshop.com\/es\/wp-json\/wp\/v2\/product_cat?post=22506"},{"taxonomy":"product_tag","embeddable":true,"href":"https:\/\/ta3liemshop.com\/es\/wp-json\/wp\/v2\/product_tag?post=22506"}],"curies":[{"name":"wp","href":"https:\/\/api.w.org\/{rel}","templated":true}]}}