{"id":22626,"date":"2023-08-25T13:04:53","date_gmt":"2023-08-25T13:04:53","guid":{"rendered":"https:\/\/ta3liemshop.com\/product\/arabe-en-manos-de-nuestros-hijos-una-serie-sobre-la-ensenanza-del-idioma-arabe-libro-del-maestro-libro-once-11\/"},"modified":"2023-08-25T13:04:53","modified_gmt":"2023-08-25T13:04:53","slug":"arabe-en-manos-de-nuestros-hijos-una-serie-sobre-la-ensenanza-del-idioma-arabe-libro-del-maestro-libro-once-11","status":"publish","type":"product","link":"https:\/\/ta3liemshop.com\/es\/product\/arabe-en-manos-de-nuestros-hijos-una-serie-sobre-la-ensenanza-del-idioma-arabe-libro-del-maestro-libro-once-11\/","title":{"rendered":"\u00c1rabe en manos de nuestros hijos: una serie sobre la ense\u00f1anza del idioma \u00e1rabe \u2013 (Libro del maestro) Libro Once (11)"},"content":{"rendered":"","protected":false},"excerpt":{"rendered":"","protected":false},"featured_media":22627,"comment_status":"open","ping_status":"closed","template":"","meta":[],"product_brand":[],"product_cat":[386,371,389,367,366],"product_tag":[],"class_list":{"0":"post-22626","1":"product","2":"type-product","3":"status-publish","4":"has-post-thumbnail","6":"product_cat-alumnos-6-12-anos","7":"product_cat-arabe-en-manos-de-nuestros-hijos","8":"product_cat-arabe-en-manos-de-nuestros-hijos-alumnos","9":"product_cat-buscar-por-metodo-de-ensenanza","10":"product_cat-planes-de-estudios-arabes","12":"first","13":"instock","14":"shipping-taxable","15":"purchasable","16":"product-type-simple"},"_links":{"self":[{"href":"https:\/\/ta3liemshop.com\/es\/wp-json\/wp\/v2\/product\/22626","targetHints":{"allow":["GET"]}}],"collection":[{"href":"https:\/\/ta3liemshop.com\/es\/wp-json\/wp\/v2\/product"}],"about":[{"href":"https:\/\/ta3liemshop.com\/es\/wp-json\/wp\/v2\/types\/product"}],"replies":[{"embeddable":true,"href":"https:\/\/ta3liemshop.com\/es\/wp-json\/wp\/v2\/comments?post=22626"}],"version-history":[{"count":0,"href":"https:\/\/ta3liemshop.com\/es\/wp-json\/wp\/v2\/product\/22626\/revisions"}],"wp:featuredmedia":[{"embeddable":true,"href":"https:\/\/ta3liemshop.com\/es\/wp-json\/wp\/v2\/media\/22627"}],"wp:attachment":[{"href":"https:\/\/ta3liemshop.com\/es\/wp-json\/wp\/v2\/media?parent=22626"}],"wp:term":[{"taxonomy":"product_brand","embeddable":true,"href":"https:\/\/ta3liemshop.com\/es\/wp-json\/wp\/v2\/product_brand?post=22626"},{"taxonomy":"product_cat","embeddable":true,"href":"https:\/\/ta3liemshop.com\/es\/wp-json\/wp\/v2\/product_cat?post=22626"},{"taxonomy":"product_tag","embeddable":true,"href":"https:\/\/ta3liemshop.com\/es\/wp-json\/wp\/v2\/product_tag?post=22626"}],"curies":[{"name":"wp","href":"https:\/\/api.w.org\/{rel}","templated":true}]}}