{"id":22705,"date":"2023-08-11T23:30:47","date_gmt":"2023-08-11T23:30:47","guid":{"rendered":"https:\/\/ta3liemshop.com\/product\/al-sabeel-a-la-educacion-y-la-ensenanza-libro-de-estudio-y-libro-de-capacitacion-nivel-de-preparacion-dos-2\/"},"modified":"2023-08-11T23:30:47","modified_gmt":"2023-08-11T23:30:47","slug":"al-sabeel-a-la-educacion-y-la-ensenanza-libro-de-estudio-y-libro-de-capacitacion-nivel-de-preparacion-dos-2","status":"publish","type":"product","link":"https:\/\/ta3liemshop.com\/es\/product\/al-sabeel-a-la-educacion-y-la-ensenanza-libro-de-estudio-y-libro-de-capacitacion-nivel-de-preparacion-dos-2\/","title":{"rendered":"Al-Sabeel a la educaci\u00f3n y la ense\u00f1anza \u2013 (libro de estudio y libro de capacitaci\u00f3n) Nivel de preparaci\u00f3n dos (2)"},"content":{"rendered":"<div class=\"woocommerce-tabs wc-tabs-wrapper tabs-layout-accordion wd-accordion wd-style-default wd-inited\" data-state=\"first\" data-layout=\"accordion\">\n<div class=\"wd-accordion-item\">\n<div id=\"tab-description\" class=\"entry-content woocommerce-Tabs-panel woocommerce-Tabs-panel--description wd-active wd-scroll wd-accordion-content\" role=\"tabpanel\" aria-labelledby=\"tab-title-description\" data-accordion-index=\"description\">\n<div class=\"wc-tab-inner wd-scroll-content\"> Nivel de preparaci\u00f3n dos contiene 14 unidades. Estas unidades se centran en que los estudiantes dominen las letras \u00e1rabes: escritura, pronunciaci\u00f3n y conexi\u00f3n.  <\/div>\n<\/div>\n<\/div>\n<\/div>\n","protected":false},"excerpt":{"rendered":"<p>Nivel de preparaci\u00f3n dos contiene 14 unidades. Estas unidades se centran en que los estudiantes dominen las letras \u00e1rabes: escritura,<\/p>\n","protected":false},"featured_media":22706,"comment_status":"open","ping_status":"closed","template":"","meta":[],"product_brand":[],"product_cat":[368,382,391,386,367,379,366],"product_tag":[],"class_list":{"0":"post-22705","1":"product","2":"type-product","3":"status-publish","4":"has-post-thumbnail","6":"product_cat-al-sabeel","7":"product_cat-al-sabeel-preescolar","8":"product_cat-al-sabeel-alumnos","9":"product_cat-alumnos-6-12-anos","10":"product_cat-buscar-por-metodo-de-ensenanza","11":"product_cat-etapa-preescolar-3-5-anos","12":"product_cat-planes-de-estudios-arabes","14":"first","15":"instock","16":"sale","17":"shipping-taxable","18":"purchasable","19":"product-type-simple"},"_links":{"self":[{"href":"https:\/\/ta3liemshop.com\/es\/wp-json\/wp\/v2\/product\/22705","targetHints":{"allow":["GET"]}}],"collection":[{"href":"https:\/\/ta3liemshop.com\/es\/wp-json\/wp\/v2\/product"}],"about":[{"href":"https:\/\/ta3liemshop.com\/es\/wp-json\/wp\/v2\/types\/product"}],"replies":[{"embeddable":true,"href":"https:\/\/ta3liemshop.com\/es\/wp-json\/wp\/v2\/comments?post=22705"}],"version-history":[{"count":0,"href":"https:\/\/ta3liemshop.com\/es\/wp-json\/wp\/v2\/product\/22705\/revisions"}],"wp:featuredmedia":[{"embeddable":true,"href":"https:\/\/ta3liemshop.com\/es\/wp-json\/wp\/v2\/media\/22706"}],"wp:attachment":[{"href":"https:\/\/ta3liemshop.com\/es\/wp-json\/wp\/v2\/media?parent=22705"}],"wp:term":[{"taxonomy":"product_brand","embeddable":true,"href":"https:\/\/ta3liemshop.com\/es\/wp-json\/wp\/v2\/product_brand?post=22705"},{"taxonomy":"product_cat","embeddable":true,"href":"https:\/\/ta3liemshop.com\/es\/wp-json\/wp\/v2\/product_cat?post=22705"},{"taxonomy":"product_tag","embeddable":true,"href":"https:\/\/ta3liemshop.com\/es\/wp-json\/wp\/v2\/product_tag?post=22705"}],"curies":[{"name":"wp","href":"https:\/\/api.w.org\/{rel}","templated":true}]}}