{"id":22707,"date":"2023-08-12T14:50:31","date_gmt":"2023-08-12T14:50:31","guid":{"rendered":"https:\/\/ta3liemshop.com\/product\/al-sabeel-a-la-educacion-y-la-ensenanza-libro-de-estudio-nivel-de-preparacion-tres-3\/"},"modified":"2023-08-12T14:50:31","modified_gmt":"2023-08-12T14:50:31","slug":"al-sabeel-a-la-educacion-y-la-ensenanza-libro-de-estudio-nivel-de-preparacion-tres-3","status":"publish","type":"product","link":"https:\/\/ta3liemshop.com\/es\/product\/al-sabeel-a-la-educacion-y-la-ensenanza-libro-de-estudio-nivel-de-preparacion-tres-3\/","title":{"rendered":"Al-Sabeel a la educaci\u00f3n y la ense\u00f1anza \u2013 (libro de estudio) Nivel de preparaci\u00f3n tres (3)"},"content":{"rendered":"<p>Nivel de preparaci\u00f3n contiene 60 pegatinas recreativas. El objetivo de usar estas pegatinas es centrarse primero en la expresi\u00f3n verbal y luego en la lectura y escritura, utilizando algunas historias cortas para fomentar el buen comportamiento y mejorar la comprensi\u00f3n. <\/p>\n","protected":false},"excerpt":{"rendered":"<p>Nivel de preparaci\u00f3n contiene 60 pegatinas recreativas. El objetivo de usar estas pegatinas es centrarse primero en la expresi\u00f3n verbal<\/p>\n","protected":false},"featured_media":22708,"comment_status":"open","ping_status":"closed","template":"","meta":[],"product_brand":[],"product_cat":[368,382,391,386,367,379,366],"product_tag":[],"class_list":{"0":"post-22707","1":"product","2":"type-product","3":"status-publish","4":"has-post-thumbnail","6":"product_cat-al-sabeel","7":"product_cat-al-sabeel-preescolar","8":"product_cat-al-sabeel-alumnos","9":"product_cat-alumnos-6-12-anos","10":"product_cat-buscar-por-metodo-de-ensenanza","11":"product_cat-etapa-preescolar-3-5-anos","12":"product_cat-planes-de-estudios-arabes","14":"first","15":"instock","16":"shipping-taxable","17":"purchasable","18":"product-type-simple"},"_links":{"self":[{"href":"https:\/\/ta3liemshop.com\/es\/wp-json\/wp\/v2\/product\/22707","targetHints":{"allow":["GET"]}}],"collection":[{"href":"https:\/\/ta3liemshop.com\/es\/wp-json\/wp\/v2\/product"}],"about":[{"href":"https:\/\/ta3liemshop.com\/es\/wp-json\/wp\/v2\/types\/product"}],"replies":[{"embeddable":true,"href":"https:\/\/ta3liemshop.com\/es\/wp-json\/wp\/v2\/comments?post=22707"}],"version-history":[{"count":0,"href":"https:\/\/ta3liemshop.com\/es\/wp-json\/wp\/v2\/product\/22707\/revisions"}],"wp:featuredmedia":[{"embeddable":true,"href":"https:\/\/ta3liemshop.com\/es\/wp-json\/wp\/v2\/media\/22708"}],"wp:attachment":[{"href":"https:\/\/ta3liemshop.com\/es\/wp-json\/wp\/v2\/media?parent=22707"}],"wp:term":[{"taxonomy":"product_brand","embeddable":true,"href":"https:\/\/ta3liemshop.com\/es\/wp-json\/wp\/v2\/product_brand?post=22707"},{"taxonomy":"product_cat","embeddable":true,"href":"https:\/\/ta3liemshop.com\/es\/wp-json\/wp\/v2\/product_cat?post=22707"},{"taxonomy":"product_tag","embeddable":true,"href":"https:\/\/ta3liemshop.com\/es\/wp-json\/wp\/v2\/product_tag?post=22707"}],"curies":[{"name":"wp","href":"https:\/\/api.w.org\/{rel}","templated":true}]}}