{"id":22720,"date":"2023-08-12T15:32:27","date_gmt":"2023-08-12T15:32:27","guid":{"rendered":"https:\/\/ta3liemshop.com\/product\/al-sabeel-a-la-educacion-y-la-ensenanza-libro-de-capacitacion-nivel-de-preparacion-tres-3\/"},"modified":"2023-08-12T15:32:27","modified_gmt":"2023-08-12T15:32:27","slug":"al-sabeel-a-la-educacion-y-la-ensenanza-libro-de-capacitacion-nivel-de-preparacion-tres-3","status":"publish","type":"product","link":"https:\/\/ta3liemshop.com\/es\/product\/al-sabeel-a-la-educacion-y-la-ensenanza-libro-de-capacitacion-nivel-de-preparacion-tres-3\/","title":{"rendered":"Al-Sabeel a la educaci\u00f3n y la ense\u00f1anza \u2013 (libro de capacitaci\u00f3n) Nivel de preparaci\u00f3n tres (3)"},"content":{"rendered":"<p>Nivel de preparaci\u00f3n contiene 60 pegatinas recreativas. El objetivo de usar estas pegatinas es centrarse primero en la expresi\u00f3n verbal y luego en la lectura y escritura, utilizando algunas historias cortas para fomentar el buen comportamiento y mejorar la comprensi\u00f3n. <\/p>\n","protected":false},"excerpt":{"rendered":"<p>Nivel de preparaci\u00f3n contiene 60 pegatinas recreativas. El objetivo de usar estas pegatinas es centrarse primero en la expresi\u00f3n verbal<\/p>\n","protected":false},"featured_media":22721,"comment_status":"open","ping_status":"closed","template":"","meta":[],"product_brand":[],"product_cat":[368,382,391,386,367,379,366],"product_tag":[],"class_list":{"0":"post-22720","1":"product","2":"type-product","3":"status-publish","4":"has-post-thumbnail","6":"product_cat-al-sabeel","7":"product_cat-al-sabeel-preescolar","8":"product_cat-al-sabeel-alumnos","9":"product_cat-alumnos-6-12-anos","10":"product_cat-buscar-por-metodo-de-ensenanza","11":"product_cat-etapa-preescolar-3-5-anos","12":"product_cat-planes-de-estudios-arabes","14":"first","15":"instock","16":"shipping-taxable","17":"purchasable","18":"product-type-simple"},"_links":{"self":[{"href":"https:\/\/ta3liemshop.com\/es\/wp-json\/wp\/v2\/product\/22720","targetHints":{"allow":["GET"]}}],"collection":[{"href":"https:\/\/ta3liemshop.com\/es\/wp-json\/wp\/v2\/product"}],"about":[{"href":"https:\/\/ta3liemshop.com\/es\/wp-json\/wp\/v2\/types\/product"}],"replies":[{"embeddable":true,"href":"https:\/\/ta3liemshop.com\/es\/wp-json\/wp\/v2\/comments?post=22720"}],"version-history":[{"count":0,"href":"https:\/\/ta3liemshop.com\/es\/wp-json\/wp\/v2\/product\/22720\/revisions"}],"wp:featuredmedia":[{"embeddable":true,"href":"https:\/\/ta3liemshop.com\/es\/wp-json\/wp\/v2\/media\/22721"}],"wp:attachment":[{"href":"https:\/\/ta3liemshop.com\/es\/wp-json\/wp\/v2\/media?parent=22720"}],"wp:term":[{"taxonomy":"product_brand","embeddable":true,"href":"https:\/\/ta3liemshop.com\/es\/wp-json\/wp\/v2\/product_brand?post=22720"},{"taxonomy":"product_cat","embeddable":true,"href":"https:\/\/ta3liemshop.com\/es\/wp-json\/wp\/v2\/product_cat?post=22720"},{"taxonomy":"product_tag","embeddable":true,"href":"https:\/\/ta3liemshop.com\/es\/wp-json\/wp\/v2\/product_tag?post=22720"}],"curies":[{"name":"wp","href":"https:\/\/api.w.org\/{rel}","templated":true}]}}