{"id":22790,"date":"2023-08-13T14:47:31","date_gmt":"2023-08-13T14:47:31","guid":{"rendered":"https:\/\/ta3liemshop.com\/product\/al-sabeel-a-la-educacion-y-la-ensenanza-libro-de-estudio-y-libro-de-capacitacion-nivel-dos-2\/"},"modified":"2023-08-13T14:47:31","modified_gmt":"2023-08-13T14:47:31","slug":"al-sabeel-a-la-educacion-y-la-ensenanza-libro-de-estudio-y-libro-de-capacitacion-nivel-dos-2","status":"publish","type":"product","link":"https:\/\/ta3liemshop.com\/es\/product\/al-sabeel-a-la-educacion-y-la-ensenanza-libro-de-estudio-y-libro-de-capacitacion-nivel-dos-2\/","title":{"rendered":"Al-Sabeel a la educaci\u00f3n y la ense\u00f1anza \u2013 (libro de estudio y libro de capacitaci\u00f3n) Nivel dos (2)"},"content":{"rendered":"<p>Apoyo y refuerzo: los a\u00f1os tercero y cuarto. Este programa consta de 20 unidades distribuidas en dos a\u00f1os. El objetivo es enriquecer el vocabulario de los estudiantes y ense\u00f1ar herramientas de expresi\u00f3n a trav\u00e9s de habilidades de escucha, habla, lectura y escritura. Otro objetivo es fortalecer la fe de los estudiantes mediante historias cor\u00e1nicas y explicar algunos conceptos b\u00e1sicos de los actos de adoraci\u00f3n, como la abluci\u00f3n, la oraci\u00f3n, la gratitud y las buenas costumbres, especialmente en una sociedad multicultural.  <\/p>\n","protected":false},"excerpt":{"rendered":"<p>Apoyo y refuerzo: los a\u00f1os tercero y cuarto. Este programa consta de 20 unidades distribuidas en dos a\u00f1os. El objetivo<\/p>\n","protected":false},"featured_media":22791,"comment_status":"open","ping_status":"closed","template":"","meta":[],"product_brand":[],"product_cat":[368,391,386,367,366],"product_tag":[],"class_list":{"0":"post-22790","1":"product","2":"type-product","3":"status-publish","4":"has-post-thumbnail","6":"product_cat-al-sabeel","7":"product_cat-al-sabeel-alumnos","8":"product_cat-alumnos-6-12-anos","9":"product_cat-buscar-por-metodo-de-ensenanza","10":"product_cat-planes-de-estudios-arabes","12":"first","13":"instock","14":"sale","15":"shipping-taxable","16":"purchasable","17":"product-type-simple"},"_links":{"self":[{"href":"https:\/\/ta3liemshop.com\/es\/wp-json\/wp\/v2\/product\/22790","targetHints":{"allow":["GET"]}}],"collection":[{"href":"https:\/\/ta3liemshop.com\/es\/wp-json\/wp\/v2\/product"}],"about":[{"href":"https:\/\/ta3liemshop.com\/es\/wp-json\/wp\/v2\/types\/product"}],"replies":[{"embeddable":true,"href":"https:\/\/ta3liemshop.com\/es\/wp-json\/wp\/v2\/comments?post=22790"}],"version-history":[{"count":0,"href":"https:\/\/ta3liemshop.com\/es\/wp-json\/wp\/v2\/product\/22790\/revisions"}],"wp:featuredmedia":[{"embeddable":true,"href":"https:\/\/ta3liemshop.com\/es\/wp-json\/wp\/v2\/media\/22791"}],"wp:attachment":[{"href":"https:\/\/ta3liemshop.com\/es\/wp-json\/wp\/v2\/media?parent=22790"}],"wp:term":[{"taxonomy":"product_brand","embeddable":true,"href":"https:\/\/ta3liemshop.com\/es\/wp-json\/wp\/v2\/product_brand?post=22790"},{"taxonomy":"product_cat","embeddable":true,"href":"https:\/\/ta3liemshop.com\/es\/wp-json\/wp\/v2\/product_cat?post=22790"},{"taxonomy":"product_tag","embeddable":true,"href":"https:\/\/ta3liemshop.com\/es\/wp-json\/wp\/v2\/product_tag?post=22790"}],"curies":[{"name":"wp","href":"https:\/\/api.w.org\/{rel}","templated":true}]}}