{"id":22827,"date":"2023-08-13T16:03:48","date_gmt":"2023-08-13T16:03:48","guid":{"rendered":"https:\/\/ta3liemshop.com\/product\/al-sabeel-a-la-educacion-y-la-ensenanza-libro-de-estudio-y-libro-de-capacitacion-nivel-tres-3\/"},"modified":"2023-08-13T16:03:48","modified_gmt":"2023-08-13T16:03:48","slug":"al-sabeel-a-la-educacion-y-la-ensenanza-libro-de-estudio-y-libro-de-capacitacion-nivel-tres-3","status":"publish","type":"product","link":"https:\/\/ta3liemshop.com\/es\/product\/al-sabeel-a-la-educacion-y-la-ensenanza-libro-de-estudio-y-libro-de-capacitacion-nivel-tres-3\/","title":{"rendered":"Al-Sabeel a la educaci\u00f3n y la ense\u00f1anza \u2013 (libro de estudio y libro de capacitaci\u00f3n) Nivel tres (3)"},"content":{"rendered":"<p>Celebraci\u00f3n de resultados: los a\u00f1os quinto y sexto. Este programa consta de 8 unidades distribuidas en dos a\u00f1os. Estas unidades incluyen 32 textos y tienen como objetivos: enriquecer el vocabulario de los estudiantes; proporcionar herramientas de ense\u00f1anza para la expresi\u00f3n a trav\u00e9s de habilidades de escucha, habla, lectura y escritura; fortalecer la fe de los estudiantes; ense\u00f1ar buenas costumbres a trav\u00e9s de historias; leer diferentes textos, incluyendo poes\u00eda, prosa y narraci\u00f3n; y aprender las reglas de la lengua \u00e1rabe, incluyendo ortograf\u00eda, gram\u00e1tica y morfolog\u00eda.      <\/p>\n","protected":false},"excerpt":{"rendered":"<p>Celebraci\u00f3n de resultados: los a\u00f1os quinto y sexto. Este programa consta de 8 unidades distribuidas en dos a\u00f1os. Estas unidades<\/p>\n","protected":false},"featured_media":22828,"comment_status":"open","ping_status":"closed","template":"","meta":[],"product_brand":[],"product_cat":[368,391,386,367,366],"product_tag":[],"class_list":{"0":"post-22827","1":"product","2":"type-product","3":"status-publish","4":"has-post-thumbnail","6":"product_cat-al-sabeel","7":"product_cat-al-sabeel-alumnos","8":"product_cat-alumnos-6-12-anos","9":"product_cat-buscar-por-metodo-de-ensenanza","10":"product_cat-planes-de-estudios-arabes","12":"first","13":"instock","14":"sale","15":"shipping-taxable","16":"purchasable","17":"product-type-simple"},"_links":{"self":[{"href":"https:\/\/ta3liemshop.com\/es\/wp-json\/wp\/v2\/product\/22827","targetHints":{"allow":["GET"]}}],"collection":[{"href":"https:\/\/ta3liemshop.com\/es\/wp-json\/wp\/v2\/product"}],"about":[{"href":"https:\/\/ta3liemshop.com\/es\/wp-json\/wp\/v2\/types\/product"}],"replies":[{"embeddable":true,"href":"https:\/\/ta3liemshop.com\/es\/wp-json\/wp\/v2\/comments?post=22827"}],"version-history":[{"count":0,"href":"https:\/\/ta3liemshop.com\/es\/wp-json\/wp\/v2\/product\/22827\/revisions"}],"wp:featuredmedia":[{"embeddable":true,"href":"https:\/\/ta3liemshop.com\/es\/wp-json\/wp\/v2\/media\/22828"}],"wp:attachment":[{"href":"https:\/\/ta3liemshop.com\/es\/wp-json\/wp\/v2\/media?parent=22827"}],"wp:term":[{"taxonomy":"product_brand","embeddable":true,"href":"https:\/\/ta3liemshop.com\/es\/wp-json\/wp\/v2\/product_brand?post=22827"},{"taxonomy":"product_cat","embeddable":true,"href":"https:\/\/ta3liemshop.com\/es\/wp-json\/wp\/v2\/product_cat?post=22827"},{"taxonomy":"product_tag","embeddable":true,"href":"https:\/\/ta3liemshop.com\/es\/wp-json\/wp\/v2\/product_tag?post=22827"}],"curies":[{"name":"wp","href":"https:\/\/api.w.org\/{rel}","templated":true}]}}