{"id":22831,"date":"2023-08-11T12:04:29","date_gmt":"2023-08-11T12:04:29","guid":{"rendered":"https:\/\/ta3liemshop.com\/product\/al-qaida-al-nouraniya-libro-de-jardin-de-infantes-consta-de-dos-partes-segun-la-narracion-de-qaloon\/"},"modified":"2023-08-11T12:04:29","modified_gmt":"2023-08-11T12:04:29","slug":"al-qaida-al-nouraniya-libro-de-jardin-de-infantes-consta-de-dos-partes-segun-la-narracion-de-qaloon","status":"publish","type":"product","link":"https:\/\/ta3liemshop.com\/es\/product\/al-qaida-al-nouraniya-libro-de-jardin-de-infantes-consta-de-dos-partes-segun-la-narracion-de-qaloon\/","title":{"rendered":"Al-Qaida Al-Nouraniya Libro de jard\u00edn de infantes consta de dos partes seg\u00fan la narraci\u00f3n de QALOON"},"content":{"rendered":"<p>Aseg\u00farate de obtener esta edici\u00f3n especial de libros para preescolar que ayudan a los ni\u00f1os en edad temprana a conocer las letras del alfabeto y desarrollar sus habilidades de lectura y escritura.<\/p>\n","protected":false},"excerpt":{"rendered":"<p>Aseg\u00farate de obtener esta edici\u00f3n especial de libros para preescolar que ayudan a los ni\u00f1os en edad temprana a conocer<\/p>\n","protected":false},"featured_media":22832,"comment_status":"open","ping_status":"closed","template":"","meta":[],"product_brand":[],"product_cat":[374,398,367,394,366],"product_tag":[],"class_list":{"0":"post-22831","1":"product","2":"type-product","3":"status-publish","4":"has-post-thumbnail","6":"product_cat-al-nouraniya","7":"product_cat-al-nouraniya-para-adultos","8":"product_cat-buscar-por-metodo-de-ensenanza","9":"product_cat-para-adultos","10":"product_cat-planes-de-estudios-arabes","12":"first","13":"instock","14":"shipping-taxable","15":"purchasable","16":"product-type-simple"},"_links":{"self":[{"href":"https:\/\/ta3liemshop.com\/es\/wp-json\/wp\/v2\/product\/22831","targetHints":{"allow":["GET"]}}],"collection":[{"href":"https:\/\/ta3liemshop.com\/es\/wp-json\/wp\/v2\/product"}],"about":[{"href":"https:\/\/ta3liemshop.com\/es\/wp-json\/wp\/v2\/types\/product"}],"replies":[{"embeddable":true,"href":"https:\/\/ta3liemshop.com\/es\/wp-json\/wp\/v2\/comments?post=22831"}],"version-history":[{"count":0,"href":"https:\/\/ta3liemshop.com\/es\/wp-json\/wp\/v2\/product\/22831\/revisions"}],"wp:featuredmedia":[{"embeddable":true,"href":"https:\/\/ta3liemshop.com\/es\/wp-json\/wp\/v2\/media\/22832"}],"wp:attachment":[{"href":"https:\/\/ta3liemshop.com\/es\/wp-json\/wp\/v2\/media?parent=22831"}],"wp:term":[{"taxonomy":"product_brand","embeddable":true,"href":"https:\/\/ta3liemshop.com\/es\/wp-json\/wp\/v2\/product_brand?post=22831"},{"taxonomy":"product_cat","embeddable":true,"href":"https:\/\/ta3liemshop.com\/es\/wp-json\/wp\/v2\/product_cat?post=22831"},{"taxonomy":"product_tag","embeddable":true,"href":"https:\/\/ta3liemshop.com\/es\/wp-json\/wp\/v2\/product_tag?post=22831"}],"curies":[{"name":"wp","href":"https:\/\/api.w.org\/{rel}","templated":true}]}}