{"id":22836,"date":"2023-08-11T11:43:44","date_gmt":"2023-08-11T11:43:44","guid":{"rendered":"https:\/\/ta3liemshop.com\/product\/al-qaida-al-nouraniya-y-sus-aplicaciones-en-al-zahra-segunda-sura-al-imran\/"},"modified":"2023-08-11T11:43:44","modified_gmt":"2023-08-11T11:43:44","slug":"al-qaida-al-nouraniya-y-sus-aplicaciones-en-al-zahra-segunda-sura-al-imran","status":"publish","type":"product","link":"https:\/\/ta3liemshop.com\/es\/product\/al-qaida-al-nouraniya-y-sus-aplicaciones-en-al-zahra-segunda-sura-al-imran\/","title":{"rendered":"Al-Qaida Al-Nouraniya y sus aplicaciones en Al-Zahra segunda Sura Al-Imran"},"content":{"rendered":"<p>Una de las mejores fuentes para aprender a leer y recitar el Cor\u00e1n en \u00e1rabe es el libro Al-Qaida Al-Nouraniya y sus aplicaciones en Al-Zahra (segunda) Sura Al-Imran. Esta es una edici\u00f3n importante y una referencia \u00fatil para todos los que desean aprender el idioma \u00e1rabe, la regla de Nooraniya y el Cor\u00e1n. <\/p>\n","protected":false},"excerpt":{"rendered":"<p>Una de las mejores fuentes para aprender a leer y recitar el Cor\u00e1n en \u00e1rabe es el libro Al-Qaida Al-Nouraniya<\/p>\n","protected":false},"featured_media":22837,"comment_status":"open","ping_status":"closed","template":"","meta":[],"product_brand":[],"product_cat":[374,398,367,394,366],"product_tag":[],"class_list":{"0":"post-22836","1":"product","2":"type-product","3":"status-publish","4":"has-post-thumbnail","6":"product_cat-al-nouraniya","7":"product_cat-al-nouraniya-para-adultos","8":"product_cat-buscar-por-metodo-de-ensenanza","9":"product_cat-para-adultos","10":"product_cat-planes-de-estudios-arabes","12":"first","13":"instock","14":"shipping-taxable","15":"purchasable","16":"product-type-simple"},"_links":{"self":[{"href":"https:\/\/ta3liemshop.com\/es\/wp-json\/wp\/v2\/product\/22836","targetHints":{"allow":["GET"]}}],"collection":[{"href":"https:\/\/ta3liemshop.com\/es\/wp-json\/wp\/v2\/product"}],"about":[{"href":"https:\/\/ta3liemshop.com\/es\/wp-json\/wp\/v2\/types\/product"}],"replies":[{"embeddable":true,"href":"https:\/\/ta3liemshop.com\/es\/wp-json\/wp\/v2\/comments?post=22836"}],"version-history":[{"count":0,"href":"https:\/\/ta3liemshop.com\/es\/wp-json\/wp\/v2\/product\/22836\/revisions"}],"wp:featuredmedia":[{"embeddable":true,"href":"https:\/\/ta3liemshop.com\/es\/wp-json\/wp\/v2\/media\/22837"}],"wp:attachment":[{"href":"https:\/\/ta3liemshop.com\/es\/wp-json\/wp\/v2\/media?parent=22836"}],"wp:term":[{"taxonomy":"product_brand","embeddable":true,"href":"https:\/\/ta3liemshop.com\/es\/wp-json\/wp\/v2\/product_brand?post=22836"},{"taxonomy":"product_cat","embeddable":true,"href":"https:\/\/ta3liemshop.com\/es\/wp-json\/wp\/v2\/product_cat?post=22836"},{"taxonomy":"product_tag","embeddable":true,"href":"https:\/\/ta3liemshop.com\/es\/wp-json\/wp\/v2\/product_tag?post=22836"}],"curies":[{"name":"wp","href":"https:\/\/api.w.org\/{rel}","templated":true}]}}