{"id":22851,"date":"2023-08-10T23:15:11","date_gmt":"2023-08-10T23:15:11","guid":{"rendered":"https:\/\/ta3liemshop.com\/product\/al-qaida-al-nouraniya-libro-electronico-audio-y-video-en-youtube\/"},"modified":"2023-08-10T23:15:11","modified_gmt":"2023-08-10T23:15:11","slug":"al-qaida-al-nouraniya-libro-electronico-audio-y-video-en-youtube","status":"publish","type":"product","link":"https:\/\/ta3liemshop.com\/es\/product\/al-qaida-al-nouraniya-libro-electronico-audio-y-video-en-youtube\/","title":{"rendered":"Al-Qaida Al-Nouraniya \u2013 libro electr\u00f3nico (audio y video en YouTube)<br><br>"},"content":{"rendered":"<p>Se considera que Al-Qaida Al-Nouraniya es uno de los m\u00e9todos m\u00e1s \u00fatiles y sencillos para ense\u00f1ar a principiantes y j\u00f3venes a leer y memorizar el Libro de Allah (Exaltado Sea), as\u00ed como a adquirir habilidades de escucha, pronunciaci\u00f3n, lectura y escritura con el menor esfuerzo y en el menor tiempo posible. Esta edici\u00f3n se caracteriza por su impresi\u00f3n de lujo y los colores utilizados para las posiciones de las vocales y prolongaciones. <\/p>\n","protected":false},"excerpt":{"rendered":"<p>Se considera que Al-Qaida Al-Nouraniya es uno de los m\u00e9todos m\u00e1s \u00fatiles y sencillos para ense\u00f1ar a principiantes y j\u00f3venes<\/p>\n","protected":false},"featured_media":22852,"comment_status":"open","ping_status":"closed","template":"","meta":[],"product_brand":[],"product_cat":[374,398,367,394,366],"product_tag":[],"class_list":{"0":"post-22851","1":"product","2":"type-product","3":"status-publish","4":"has-post-thumbnail","6":"product_cat-al-nouraniya","7":"product_cat-al-nouraniya-para-adultos","8":"product_cat-buscar-por-metodo-de-ensenanza","9":"product_cat-para-adultos","10":"product_cat-planes-de-estudios-arabes","12":"first","13":"instock","14":"shipping-taxable","15":"purchasable","16":"product-type-variable"},"_links":{"self":[{"href":"https:\/\/ta3liemshop.com\/es\/wp-json\/wp\/v2\/product\/22851","targetHints":{"allow":["GET"]}}],"collection":[{"href":"https:\/\/ta3liemshop.com\/es\/wp-json\/wp\/v2\/product"}],"about":[{"href":"https:\/\/ta3liemshop.com\/es\/wp-json\/wp\/v2\/types\/product"}],"replies":[{"embeddable":true,"href":"https:\/\/ta3liemshop.com\/es\/wp-json\/wp\/v2\/comments?post=22851"}],"version-history":[{"count":0,"href":"https:\/\/ta3liemshop.com\/es\/wp-json\/wp\/v2\/product\/22851\/revisions"}],"wp:featuredmedia":[{"embeddable":true,"href":"https:\/\/ta3liemshop.com\/es\/wp-json\/wp\/v2\/media\/22852"}],"wp:attachment":[{"href":"https:\/\/ta3liemshop.com\/es\/wp-json\/wp\/v2\/media?parent=22851"}],"wp:term":[{"taxonomy":"product_brand","embeddable":true,"href":"https:\/\/ta3liemshop.com\/es\/wp-json\/wp\/v2\/product_brand?post=22851"},{"taxonomy":"product_cat","embeddable":true,"href":"https:\/\/ta3liemshop.com\/es\/wp-json\/wp\/v2\/product_cat?post=22851"},{"taxonomy":"product_tag","embeddable":true,"href":"https:\/\/ta3liemshop.com\/es\/wp-json\/wp\/v2\/product_tag?post=22851"}],"curies":[{"name":"wp","href":"https:\/\/api.w.org\/{rel}","templated":true}]}}