{"id":22899,"date":"2023-08-23T22:03:42","date_gmt":"2023-08-23T22:03:42","guid":{"rendered":"https:\/\/ta3liemshop.com\/product\/curriculos-de-la-ciudad-para-ensenar-el-idioma-arabe-todos-los-niveles-uno-1-dos-2-tres-3-cuatro-4\/"},"modified":"2024-10-14T15:06:39","modified_gmt":"2024-10-14T15:06:39","slug":"tomes-de-medine-para-ensenar-el-idioma-arabe-todos-los-niveles-uno-1-dos-2-tres-3-cuatro-4","status":"publish","type":"product","link":"https:\/\/ta3liemshop.com\/es\/product\/tomes-de-medine-para-ensenar-el-idioma-arabe-todos-los-niveles-uno-1-dos-2-tres-3-cuatro-4\/","title":{"rendered":"TOMES DE M\u00c9DINE para ense\u00f1ar el idioma \u00e1rabe &#8211; Todos los niveles (uno (1) + dos (2) + tres (3) + cuatro (4))"},"content":{"rendered":"","protected":false},"excerpt":{"rendered":"","protected":false},"featured_media":22900,"comment_status":"open","ping_status":"closed","template":"","meta":[],"product_brand":[],"product_cat":[367,394,366,377,401],"product_tag":[],"class_list":{"0":"post-22899","1":"product","2":"type-product","3":"status-publish","4":"has-post-thumbnail","6":"product_cat-buscar-por-metodo-de-ensenanza","7":"product_cat-para-adultos","8":"product_cat-planes-de-estudios-arabes","9":"product_cat-tomes-de-medine","10":"product_cat-tomes-de-medine-para-adultos","12":"first","13":"instock","14":"sale","15":"shipping-taxable","16":"purchasable","17":"product-type-simple"},"_links":{"self":[{"href":"https:\/\/ta3liemshop.com\/es\/wp-json\/wp\/v2\/product\/22899","targetHints":{"allow":["GET"]}}],"collection":[{"href":"https:\/\/ta3liemshop.com\/es\/wp-json\/wp\/v2\/product"}],"about":[{"href":"https:\/\/ta3liemshop.com\/es\/wp-json\/wp\/v2\/types\/product"}],"replies":[{"embeddable":true,"href":"https:\/\/ta3liemshop.com\/es\/wp-json\/wp\/v2\/comments?post=22899"}],"version-history":[{"count":0,"href":"https:\/\/ta3liemshop.com\/es\/wp-json\/wp\/v2\/product\/22899\/revisions"}],"wp:featuredmedia":[{"embeddable":true,"href":"https:\/\/ta3liemshop.com\/es\/wp-json\/wp\/v2\/media\/22900"}],"wp:attachment":[{"href":"https:\/\/ta3liemshop.com\/es\/wp-json\/wp\/v2\/media?parent=22899"}],"wp:term":[{"taxonomy":"product_brand","embeddable":true,"href":"https:\/\/ta3liemshop.com\/es\/wp-json\/wp\/v2\/product_brand?post=22899"},{"taxonomy":"product_cat","embeddable":true,"href":"https:\/\/ta3liemshop.com\/es\/wp-json\/wp\/v2\/product_cat?post=22899"},{"taxonomy":"product_tag","embeddable":true,"href":"https:\/\/ta3liemshop.com\/es\/wp-json\/wp\/v2\/product_tag?post=22899"}],"curies":[{"name":"wp","href":"https:\/\/api.w.org\/{rel}","templated":true}]}}