{"id":25894,"date":"2023-08-14T13:49:54","date_gmt":"2023-08-14T13:49:54","guid":{"rendered":"https:\/\/ta3liemshop.com\/product\/lislam-est-notre-religion-niveau-six-6\/"},"modified":"2024-10-18T16:41:46","modified_gmt":"2024-10-18T16:41:46","slug":"lislam-est-notre-religion-niveau-six-6","status":"publish","type":"product","link":"https:\/\/ta3liemshop.com\/fr\/product\/lislam-est-notre-religion-niveau-six-6\/","title":{"rendered":"L&rsquo;Islam est Notre Religion \u2013 Niveau Six (6)"},"content":{"rendered":"<p>Pour chaque axe, des sujets appropri\u00e9s ont \u00e9t\u00e9 approuv\u00e9s et renforc\u00e9s par des textes coraniques et des hadiths proph\u00e9tiques. L&rsquo;aspect th\u00e9orique a \u00e9t\u00e9 soutenu par des applications dans le cadre de la consolidation. \u00c0 la fin de ce niveau, l&rsquo;\u00e9l\u00e8ve ma\u00eetrisera les principes fondamentaux de la religion dans tous ses aspects.  <\/p>\n","protected":false},"excerpt":{"rendered":"<p>Pour chaque axe, des sujets appropri\u00e9s ont \u00e9t\u00e9 approuv\u00e9s et renforc\u00e9s par des textes coraniques et des hadiths proph\u00e9tiques. L&rsquo;aspect<\/p>\n","protected":false},"featured_media":25895,"comment_status":"open","ping_status":"closed","template":"","meta":[],"product_brand":[],"product_cat":[507,506],"product_tag":[],"class_list":{"0":"post-25894","1":"product","2":"type-product","3":"status-publish","4":"has-post-thumbnail","6":"product_cat-lislam-est-notre-religion","7":"product_cat-programmes-detudes-islamiques","9":"first","10":"instock","11":"shipping-taxable","12":"purchasable","13":"product-type-simple"},"_links":{"self":[{"href":"https:\/\/ta3liemshop.com\/fr\/wp-json\/wp\/v2\/product\/25894","targetHints":{"allow":["GET"]}}],"collection":[{"href":"https:\/\/ta3liemshop.com\/fr\/wp-json\/wp\/v2\/product"}],"about":[{"href":"https:\/\/ta3liemshop.com\/fr\/wp-json\/wp\/v2\/types\/product"}],"replies":[{"embeddable":true,"href":"https:\/\/ta3liemshop.com\/fr\/wp-json\/wp\/v2\/comments?post=25894"}],"version-history":[{"count":0,"href":"https:\/\/ta3liemshop.com\/fr\/wp-json\/wp\/v2\/product\/25894\/revisions"}],"wp:featuredmedia":[{"embeddable":true,"href":"https:\/\/ta3liemshop.com\/fr\/wp-json\/wp\/v2\/media\/25895"}],"wp:attachment":[{"href":"https:\/\/ta3liemshop.com\/fr\/wp-json\/wp\/v2\/media?parent=25894"}],"wp:term":[{"taxonomy":"product_brand","embeddable":true,"href":"https:\/\/ta3liemshop.com\/fr\/wp-json\/wp\/v2\/product_brand?post=25894"},{"taxonomy":"product_cat","embeddable":true,"href":"https:\/\/ta3liemshop.com\/fr\/wp-json\/wp\/v2\/product_cat?post=25894"},{"taxonomy":"product_tag","embeddable":true,"href":"https:\/\/ta3liemshop.com\/fr\/wp-json\/wp\/v2\/product_tag?post=25894"}],"curies":[{"name":"wp","href":"https:\/\/api.w.org\/{rel}","templated":true}]}}