{"id":25919,"date":"2023-08-11T12:04:29","date_gmt":"2023-08-11T12:04:29","guid":{"rendered":"https:\/\/ta3liemshop.com\/product\/al-qaida-al-nouraniya-livre-de-maternelle-se-compose-de-deux-parties-raconte-par-qaloon\/"},"modified":"2023-08-11T12:04:29","modified_gmt":"2023-08-11T12:04:29","slug":"al-qaida-al-nouraniya-livre-de-maternelle-se-compose-de-deux-parties-raconte-par-qaloon","status":"publish","type":"product","link":"https:\/\/ta3liemshop.com\/fr\/product\/al-qaida-al-nouraniya-livre-de-maternelle-se-compose-de-deux-parties-raconte-par-qaloon\/","title":{"rendered":"Al-Qaida Al-Nouraniya Livre de Maternelle se compose de deux parties &#8211; Racont\u00e9 par QALOON"},"content":{"rendered":"<p>Assurez-vous d&rsquo;obtenir cette version sp\u00e9ciale de livres de maternelle qui aide les enfants d\u00e8s leur plus jeune \u00e2ge \u00e0 conna\u00eetre les lettres de l&rsquo;alphabet et \u00e0 d\u00e9velopper leurs comp\u00e9tences en lecture et en \u00e9criture.<\/p>\n","protected":false},"excerpt":{"rendered":"<p>Assurez-vous d&rsquo;obtenir cette version sp\u00e9ciale de livres de maternelle qui aide les enfants d\u00e8s leur plus jeune \u00e2ge \u00e0 conna\u00eetre<\/p>\n","protected":false},"featured_media":25920,"comment_status":"open","ping_status":"closed","template":"","meta":[],"product_brand":[],"product_cat":[518,542,538,510,511],"product_tag":[],"class_list":{"0":"post-25919","1":"product","2":"type-product","3":"status-publish","4":"has-post-thumbnail","6":"product_cat-al-nouraniya","7":"product_cat-al-nouraniya-pour-adultes","8":"product_cat-pour-adultes","9":"product_cat-programmes-detudes-arabes","10":"product_cat-rechercher-par-methode-denseignement","12":"first","13":"instock","14":"shipping-taxable","15":"purchasable","16":"product-type-simple"},"_links":{"self":[{"href":"https:\/\/ta3liemshop.com\/fr\/wp-json\/wp\/v2\/product\/25919","targetHints":{"allow":["GET"]}}],"collection":[{"href":"https:\/\/ta3liemshop.com\/fr\/wp-json\/wp\/v2\/product"}],"about":[{"href":"https:\/\/ta3liemshop.com\/fr\/wp-json\/wp\/v2\/types\/product"}],"replies":[{"embeddable":true,"href":"https:\/\/ta3liemshop.com\/fr\/wp-json\/wp\/v2\/comments?post=25919"}],"version-history":[{"count":0,"href":"https:\/\/ta3liemshop.com\/fr\/wp-json\/wp\/v2\/product\/25919\/revisions"}],"wp:featuredmedia":[{"embeddable":true,"href":"https:\/\/ta3liemshop.com\/fr\/wp-json\/wp\/v2\/media\/25920"}],"wp:attachment":[{"href":"https:\/\/ta3liemshop.com\/fr\/wp-json\/wp\/v2\/media?parent=25919"}],"wp:term":[{"taxonomy":"product_brand","embeddable":true,"href":"https:\/\/ta3liemshop.com\/fr\/wp-json\/wp\/v2\/product_brand?post=25919"},{"taxonomy":"product_cat","embeddable":true,"href":"https:\/\/ta3liemshop.com\/fr\/wp-json\/wp\/v2\/product_cat?post=25919"},{"taxonomy":"product_tag","embeddable":true,"href":"https:\/\/ta3liemshop.com\/fr\/wp-json\/wp\/v2\/product_tag?post=25919"}],"curies":[{"name":"wp","href":"https:\/\/api.w.org\/{rel}","templated":true}]}}