{"id":25930,"date":"2023-08-10T23:54:58","date_gmt":"2023-08-10T23:54:58","guid":{"rendered":"https:\/\/ta3liemshop.com\/product\/al-qaida-al-nouraniya-et-ses-applications-sur-le-saint-coran\/"},"modified":"2023-08-10T23:54:58","modified_gmt":"2023-08-10T23:54:58","slug":"al-qaida-al-nouraniya-et-ses-applications-sur-le-saint-coran","status":"publish","type":"product","link":"https:\/\/ta3liemshop.com\/fr\/product\/al-qaida-al-nouraniya-et-ses-applications-sur-le-saint-coran\/","title":{"rendered":"Al-Qaida Al-Nouraniya et ses applications sur le Saint Coran"},"content":{"rendered":"<p>Application \u00e9tendue des r\u00e8gles d&rsquo;Al-Qaida Al-Nouraniya \u00e0 toutes les parties d&rsquo;Al Quran Al-Kareem<\/p>\n","protected":false},"excerpt":{"rendered":"<p>Application \u00e9tendue des r\u00e8gles d&rsquo;Al-Qaida Al-Nouraniya \u00e0 toutes les parties d&rsquo;Al Quran Al-Kareem<\/p>\n","protected":false},"featured_media":25931,"comment_status":"open","ping_status":"closed","template":"","meta":[],"product_brand":[],"product_cat":[518,542,538,510,511],"product_tag":[],"class_list":{"0":"post-25930","1":"product","2":"type-product","3":"status-publish","4":"has-post-thumbnail","6":"product_cat-al-nouraniya","7":"product_cat-al-nouraniya-pour-adultes","8":"product_cat-pour-adultes","9":"product_cat-programmes-detudes-arabes","10":"product_cat-rechercher-par-methode-denseignement","12":"first","13":"instock","14":"shipping-taxable","15":"purchasable","16":"product-type-simple"},"_links":{"self":[{"href":"https:\/\/ta3liemshop.com\/fr\/wp-json\/wp\/v2\/product\/25930","targetHints":{"allow":["GET"]}}],"collection":[{"href":"https:\/\/ta3liemshop.com\/fr\/wp-json\/wp\/v2\/product"}],"about":[{"href":"https:\/\/ta3liemshop.com\/fr\/wp-json\/wp\/v2\/types\/product"}],"replies":[{"embeddable":true,"href":"https:\/\/ta3liemshop.com\/fr\/wp-json\/wp\/v2\/comments?post=25930"}],"version-history":[{"count":0,"href":"https:\/\/ta3liemshop.com\/fr\/wp-json\/wp\/v2\/product\/25930\/revisions"}],"wp:featuredmedia":[{"embeddable":true,"href":"https:\/\/ta3liemshop.com\/fr\/wp-json\/wp\/v2\/media\/25931"}],"wp:attachment":[{"href":"https:\/\/ta3liemshop.com\/fr\/wp-json\/wp\/v2\/media?parent=25930"}],"wp:term":[{"taxonomy":"product_brand","embeddable":true,"href":"https:\/\/ta3liemshop.com\/fr\/wp-json\/wp\/v2\/product_brand?post=25930"},{"taxonomy":"product_cat","embeddable":true,"href":"https:\/\/ta3liemshop.com\/fr\/wp-json\/wp\/v2\/product_cat?post=25930"},{"taxonomy":"product_tag","embeddable":true,"href":"https:\/\/ta3liemshop.com\/fr\/wp-json\/wp\/v2\/product_tag?post=25930"}],"curies":[{"name":"wp","href":"https:\/\/api.w.org\/{rel}","templated":true}]}}