{"id":25935,"date":"2023-08-10T23:15:11","date_gmt":"2023-08-10T23:15:11","guid":{"rendered":"https:\/\/ta3liemshop.com\/product\/al-qaida-al-nouraniya-livre-e-book-audio-et-video-sur-youtube\/"},"modified":"2023-08-10T23:15:11","modified_gmt":"2023-08-10T23:15:11","slug":"al-qaida-al-nouraniya-livre-e-book-audio-et-video-sur-youtube","status":"publish","type":"product","link":"https:\/\/ta3liemshop.com\/fr\/product\/al-qaida-al-nouraniya-livre-e-book-audio-et-video-sur-youtube\/","title":{"rendered":"Al-Qaida Al-Nouraniya Livre &#8211; E-book (audio et vid\u00e9o sur YouTube)"},"content":{"rendered":"<p>Al-Qaida Al-Nouraniya est consid\u00e9r\u00e9e comme l&rsquo;un des moyens les plus utiles et les plus faciles pour enseigner aux d\u00e9butants et aux jeunes adultes \u00e0 lire et m\u00e9moriser le Livre d&rsquo;Allah (Azzawajal), ainsi qu&rsquo;\u00e0 acqu\u00e9rir des comp\u00e9tences d&rsquo;\u00e9coute, de prononciation, de lecture et d&rsquo;\u00e9criture avec le moindre effort et le plus rapidement possible. Cette \u00e9dition se distingue par l&rsquo;impression luxueuse et la coloration des positions d&rsquo;Al-ghunn, Al-mudud et Al-qalqalah. <\/p>\n","protected":false},"excerpt":{"rendered":"<p>Al-Qaida Al-Nouraniya est consid\u00e9r\u00e9e comme l&rsquo;un des moyens les plus utiles et les plus faciles pour enseigner aux d\u00e9butants et<\/p>\n","protected":false},"featured_media":25936,"comment_status":"open","ping_status":"closed","template":"","meta":[],"product_brand":[],"product_cat":[518,542,538,510,511],"product_tag":[],"class_list":{"0":"post-25935","1":"product","2":"type-product","3":"status-publish","4":"has-post-thumbnail","6":"product_cat-al-nouraniya","7":"product_cat-al-nouraniya-pour-adultes","8":"product_cat-pour-adultes","9":"product_cat-programmes-detudes-arabes","10":"product_cat-rechercher-par-methode-denseignement","12":"first","13":"instock","14":"shipping-taxable","15":"purchasable","16":"product-type-variable"},"_links":{"self":[{"href":"https:\/\/ta3liemshop.com\/fr\/wp-json\/wp\/v2\/product\/25935","targetHints":{"allow":["GET"]}}],"collection":[{"href":"https:\/\/ta3liemshop.com\/fr\/wp-json\/wp\/v2\/product"}],"about":[{"href":"https:\/\/ta3liemshop.com\/fr\/wp-json\/wp\/v2\/types\/product"}],"replies":[{"embeddable":true,"href":"https:\/\/ta3liemshop.com\/fr\/wp-json\/wp\/v2\/comments?post=25935"}],"version-history":[{"count":0,"href":"https:\/\/ta3liemshop.com\/fr\/wp-json\/wp\/v2\/product\/25935\/revisions"}],"wp:featuredmedia":[{"embeddable":true,"href":"https:\/\/ta3liemshop.com\/fr\/wp-json\/wp\/v2\/media\/25936"}],"wp:attachment":[{"href":"https:\/\/ta3liemshop.com\/fr\/wp-json\/wp\/v2\/media?parent=25935"}],"wp:term":[{"taxonomy":"product_brand","embeddable":true,"href":"https:\/\/ta3liemshop.com\/fr\/wp-json\/wp\/v2\/product_brand?post=25935"},{"taxonomy":"product_cat","embeddable":true,"href":"https:\/\/ta3liemshop.com\/fr\/wp-json\/wp\/v2\/product_cat?post=25935"},{"taxonomy":"product_tag","embeddable":true,"href":"https:\/\/ta3liemshop.com\/fr\/wp-json\/wp\/v2\/product_tag?post=25935"}],"curies":[{"name":"wp","href":"https:\/\/api.w.org\/{rel}","templated":true}]}}