{"id":25961,"date":"2023-08-10T13:43:37","date_gmt":"2023-08-10T13:43:37","guid":{"rendered":"https:\/\/ta3liemshop.com\/product\/al-qaida-al-nouraniya-et-ses-applications-sur-juz-amma\/"},"modified":"2023-08-10T13:43:37","modified_gmt":"2023-08-10T13:43:37","slug":"al-qaida-al-nouraniya-et-ses-applications-sur-juz-amma","status":"publish","type":"product","link":"https:\/\/ta3liemshop.com\/fr\/product\/al-qaida-al-nouraniya-et-ses-applications-sur-juz-amma\/","title":{"rendered":"Al-Qaida Al-Nouraniya et ses applications sur Juz Amma"},"content":{"rendered":"<p>Un Mushaf imprim\u00e9 avec le dessin ottoman contient une partie de Amma (Sourate Al-Naba&rsquo; &#8211; Sourate Al-Nas) en plus de la Sourate Al-Fatihah. G\u00e9n\u00e9ral pour les enseignants au d\u00e9but de l&rsquo;\u00e9dition concernant les le\u00e7ons d&rsquo;Al-Qaida Al-Nouraniya.<\/p>\n","protected":false},"excerpt":{"rendered":"<p>Un Mushaf imprim\u00e9 avec le dessin ottoman contient une partie de Amma (Sourate Al-Naba&rsquo; &#8211; Sourate Al-Nas) en plus de<\/p>\n","protected":false},"featured_media":25962,"comment_status":"open","ping_status":"closed","template":"","meta":[],"product_brand":[],"product_cat":[518,542,538,510,511],"product_tag":[],"class_list":{"0":"post-25961","1":"product","2":"type-product","3":"status-publish","4":"has-post-thumbnail","6":"product_cat-al-nouraniya","7":"product_cat-al-nouraniya-pour-adultes","8":"product_cat-pour-adultes","9":"product_cat-programmes-detudes-arabes","10":"product_cat-rechercher-par-methode-denseignement","12":"first","13":"instock","14":"shipping-taxable","15":"purchasable","16":"product-type-variable"},"_links":{"self":[{"href":"https:\/\/ta3liemshop.com\/fr\/wp-json\/wp\/v2\/product\/25961","targetHints":{"allow":["GET"]}}],"collection":[{"href":"https:\/\/ta3liemshop.com\/fr\/wp-json\/wp\/v2\/product"}],"about":[{"href":"https:\/\/ta3liemshop.com\/fr\/wp-json\/wp\/v2\/types\/product"}],"replies":[{"embeddable":true,"href":"https:\/\/ta3liemshop.com\/fr\/wp-json\/wp\/v2\/comments?post=25961"}],"version-history":[{"count":0,"href":"https:\/\/ta3liemshop.com\/fr\/wp-json\/wp\/v2\/product\/25961\/revisions"}],"wp:featuredmedia":[{"embeddable":true,"href":"https:\/\/ta3liemshop.com\/fr\/wp-json\/wp\/v2\/media\/25962"}],"wp:attachment":[{"href":"https:\/\/ta3liemshop.com\/fr\/wp-json\/wp\/v2\/media?parent=25961"}],"wp:term":[{"taxonomy":"product_brand","embeddable":true,"href":"https:\/\/ta3liemshop.com\/fr\/wp-json\/wp\/v2\/product_brand?post=25961"},{"taxonomy":"product_cat","embeddable":true,"href":"https:\/\/ta3liemshop.com\/fr\/wp-json\/wp\/v2\/product_cat?post=25961"},{"taxonomy":"product_tag","embeddable":true,"href":"https:\/\/ta3liemshop.com\/fr\/wp-json\/wp\/v2\/product_tag?post=25961"}],"curies":[{"name":"wp","href":"https:\/\/api.w.org\/{rel}","templated":true}]}}