{"id":25974,"date":"2023-08-11T12:55:50","date_gmt":"2023-08-11T12:55:50","guid":{"rendered":"https:\/\/ta3liemshop.com\/product\/al-sabeel-vers-leducation-livre-detude-premier-niveau-de-qualification-1\/"},"modified":"2023-08-11T12:55:50","modified_gmt":"2023-08-11T12:55:50","slug":"al-sabeel-vers-leducation-livre-detude-premier-niveau-de-qualification-1","status":"publish","type":"product","link":"https:\/\/ta3liemshop.com\/fr\/product\/al-sabeel-vers-leducation-livre-detude-premier-niveau-de-qualification-1\/","title":{"rendered":"Al-Sabeel vers l&rsquo;\u00c9ducation &#8211; (Livre d&rsquo;\u00c9tude) Premier Niveau de Qualification (1)"},"content":{"rendered":"<p>Le premier niveau pr\u00e9paratoire comporte 8 unit\u00e9s. Ces unit\u00e9s se concentrent sur les bases et les bonnes mani\u00e8res. Les activit\u00e9s visent \u00e0 mettre les enfants \u00e0 l&rsquo;aise \u00e0 l&rsquo;\u00e9cole.  <\/p>\n","protected":false},"excerpt":{"rendered":"<p>Le premier niveau pr\u00e9paratoire comporte 8 unit\u00e9s. Ces unit\u00e9s se concentrent sur les bases et les bonnes mani\u00e8res. Les activit\u00e9s<\/p>\n","protected":false},"featured_media":25975,"comment_status":"open","ping_status":"closed","template":"","meta":[],"product_brand":[],"product_cat":[512,526,535,530,523,510,511],"product_tag":[],"class_list":{"0":"post-25974","1":"product","2":"type-product","3":"status-publish","4":"has-post-thumbnail","6":"product_cat-al-sabeel","7":"product_cat-al-sabeel-prescolaire","8":"product_cat-al-sabeel-etudiant","9":"product_cat-etudiant-6-12-ans","10":"product_cat-prescolaire-3-5-ans","11":"product_cat-programmes-detudes-arabes","12":"product_cat-rechercher-par-methode-denseignement","14":"first","15":"instock","16":"shipping-taxable","17":"purchasable","18":"product-type-simple"},"_links":{"self":[{"href":"https:\/\/ta3liemshop.com\/fr\/wp-json\/wp\/v2\/product\/25974","targetHints":{"allow":["GET"]}}],"collection":[{"href":"https:\/\/ta3liemshop.com\/fr\/wp-json\/wp\/v2\/product"}],"about":[{"href":"https:\/\/ta3liemshop.com\/fr\/wp-json\/wp\/v2\/types\/product"}],"replies":[{"embeddable":true,"href":"https:\/\/ta3liemshop.com\/fr\/wp-json\/wp\/v2\/comments?post=25974"}],"version-history":[{"count":0,"href":"https:\/\/ta3liemshop.com\/fr\/wp-json\/wp\/v2\/product\/25974\/revisions"}],"wp:featuredmedia":[{"embeddable":true,"href":"https:\/\/ta3liemshop.com\/fr\/wp-json\/wp\/v2\/media\/25975"}],"wp:attachment":[{"href":"https:\/\/ta3liemshop.com\/fr\/wp-json\/wp\/v2\/media?parent=25974"}],"wp:term":[{"taxonomy":"product_brand","embeddable":true,"href":"https:\/\/ta3liemshop.com\/fr\/wp-json\/wp\/v2\/product_brand?post=25974"},{"taxonomy":"product_cat","embeddable":true,"href":"https:\/\/ta3liemshop.com\/fr\/wp-json\/wp\/v2\/product_cat?post=25974"},{"taxonomy":"product_tag","embeddable":true,"href":"https:\/\/ta3liemshop.com\/fr\/wp-json\/wp\/v2\/product_tag?post=25974"}],"curies":[{"name":"wp","href":"https:\/\/api.w.org\/{rel}","templated":true}]}}