{"id":26115,"date":"2023-08-13T15:00:28","date_gmt":"2023-08-13T15:00:28","guid":{"rendered":"https:\/\/ta3liemshop.com\/product\/al-sabeel-vers-leducation-livre-detude-niveau-trois-3\/"},"modified":"2023-08-13T15:00:28","modified_gmt":"2023-08-13T15:00:28","slug":"al-sabeel-vers-leducation-livre-detude-niveau-trois-3","status":"publish","type":"product","link":"https:\/\/ta3liemshop.com\/fr\/product\/al-sabeel-vers-leducation-livre-detude-niveau-trois-3\/","title":{"rendered":"Al-Sabeel vers l&rsquo;\u00c9ducation \u2013 (Livre d&rsquo;\u00c9tude) Niveau Trois (3)"},"content":{"rendered":"<p>C\u00e9l\u00e9bration des R\u00e9sultats: ann\u00e9es 5 et 6. Ce programme comprend 8 unit\u00e9s r\u00e9parties sur deux ans. Ces unit\u00e9s incluent 32 textes, dont les objectifs sont notamment les suivants:<\/p>\n<p>Enrichir le vocabulaire des \u00e9l\u00e8ves.<\/p>\n<p>Enseigner des outils d&rsquo;expression \u00e0 travers des comp\u00e9tences d&rsquo;\u00e9coute, de parole, de lecture et d&rsquo;\u00e9criture. Renforcer la foi des \u00e9l\u00e8ves.<\/p>\n<p>Enseigner de bonnes mani\u00e8res \u00e0 travers des histoires.<\/p>\n<p>Lire divers textes, y compris la po\u00e9sie, la prose et les r\u00e9cits.<\/p>\n<p>Apprendre les r\u00e8gles de la langue arabe, y compris la dict\u00e9e, la grammaire et la morphologie.<\/p>\n","protected":false},"excerpt":{"rendered":"<p>C\u00e9l\u00e9bration des R\u00e9sultats: ann\u00e9es 5 et 6. Ce programme comprend 8 unit\u00e9s r\u00e9parties sur deux ans. Ces unit\u00e9s incluent 32<\/p>\n","protected":false},"featured_media":26116,"comment_status":"open","ping_status":"closed","template":"","meta":[],"product_brand":[],"product_cat":[512,535,530,510,511],"product_tag":[],"class_list":{"0":"post-26115","1":"product","2":"type-product","3":"status-publish","4":"has-post-thumbnail","6":"product_cat-al-sabeel","7":"product_cat-al-sabeel-etudiant","8":"product_cat-etudiant-6-12-ans","9":"product_cat-programmes-detudes-arabes","10":"product_cat-rechercher-par-methode-denseignement","12":"first","13":"instock","14":"shipping-taxable","15":"purchasable","16":"product-type-simple"},"_links":{"self":[{"href":"https:\/\/ta3liemshop.com\/fr\/wp-json\/wp\/v2\/product\/26115","targetHints":{"allow":["GET"]}}],"collection":[{"href":"https:\/\/ta3liemshop.com\/fr\/wp-json\/wp\/v2\/product"}],"about":[{"href":"https:\/\/ta3liemshop.com\/fr\/wp-json\/wp\/v2\/types\/product"}],"replies":[{"embeddable":true,"href":"https:\/\/ta3liemshop.com\/fr\/wp-json\/wp\/v2\/comments?post=26115"}],"version-history":[{"count":0,"href":"https:\/\/ta3liemshop.com\/fr\/wp-json\/wp\/v2\/product\/26115\/revisions"}],"wp:featuredmedia":[{"embeddable":true,"href":"https:\/\/ta3liemshop.com\/fr\/wp-json\/wp\/v2\/media\/26116"}],"wp:attachment":[{"href":"https:\/\/ta3liemshop.com\/fr\/wp-json\/wp\/v2\/media?parent=26115"}],"wp:term":[{"taxonomy":"product_brand","embeddable":true,"href":"https:\/\/ta3liemshop.com\/fr\/wp-json\/wp\/v2\/product_brand?post=26115"},{"taxonomy":"product_cat","embeddable":true,"href":"https:\/\/ta3liemshop.com\/fr\/wp-json\/wp\/v2\/product_cat?post=26115"},{"taxonomy":"product_tag","embeddable":true,"href":"https:\/\/ta3liemshop.com\/fr\/wp-json\/wp\/v2\/product_tag?post=26115"}],"curies":[{"name":"wp","href":"https:\/\/api.w.org\/{rel}","templated":true}]}}