{"id":26152,"date":"2023-08-13T16:28:14","date_gmt":"2023-08-13T16:28:14","guid":{"rendered":"https:\/\/ta3liemshop.com\/product\/al-sabeel-vers-leducation-livre-detude-niveau-quatre-4\/"},"modified":"2023-08-13T16:28:14","modified_gmt":"2023-08-13T16:28:14","slug":"al-sabeel-vers-leducation-livre-detude-niveau-quatre-4","status":"publish","type":"product","link":"https:\/\/ta3liemshop.com\/fr\/product\/al-sabeel-vers-leducation-livre-detude-niveau-quatre-4\/","title":{"rendered":"Al-Sabeel vers l&rsquo;\u00c9ducation \u2013 (Livre d&rsquo;\u00c9tude) Niveau Quatre (4)"},"content":{"rendered":"<p>Soutien et Renforcement: ann\u00e9es 3 et 4. Ce programme comprend 20 unit\u00e9s r\u00e9parties sur deux ans. L&rsquo;objectif est d&rsquo;enrichir le vocabulaire des \u00e9tudiants et d&rsquo;enseigner les outils d&rsquo;expression \u00e0 travers des comp\u00e9tences d&rsquo;\u00e9coute, de parole, de lecture et d&rsquo;\u00e9criture. Un autre objectif est de renforcer la foi des \u00e9tudiants \u00e0 travers des histoires coraniques et d&rsquo;expliquer quelques concepts de base de l&rsquo;adoration, tels que les ablutions, la pri\u00e8re, la gratitude et les bonnes mani\u00e8res, surtout dans une soci\u00e9t\u00e9 multiculturelle.<\/p>\n","protected":false},"excerpt":{"rendered":"<p>Soutien et Renforcement: ann\u00e9es 3 et 4. Ce programme comprend 20 unit\u00e9s r\u00e9parties sur deux ans. L&rsquo;objectif est d&rsquo;enrichir le<\/p>\n","protected":false},"featured_media":26153,"comment_status":"open","ping_status":"closed","template":"","meta":[],"product_brand":[],"product_cat":[512,535,530,510,511],"product_tag":[],"class_list":{"0":"post-26152","1":"product","2":"type-product","3":"status-publish","4":"has-post-thumbnail","6":"product_cat-al-sabeel","7":"product_cat-al-sabeel-etudiant","8":"product_cat-etudiant-6-12-ans","9":"product_cat-programmes-detudes-arabes","10":"product_cat-rechercher-par-methode-denseignement","12":"first","13":"instock","14":"shipping-taxable","15":"purchasable","16":"product-type-simple"},"_links":{"self":[{"href":"https:\/\/ta3liemshop.com\/fr\/wp-json\/wp\/v2\/product\/26152","targetHints":{"allow":["GET"]}}],"collection":[{"href":"https:\/\/ta3liemshop.com\/fr\/wp-json\/wp\/v2\/product"}],"about":[{"href":"https:\/\/ta3liemshop.com\/fr\/wp-json\/wp\/v2\/types\/product"}],"replies":[{"embeddable":true,"href":"https:\/\/ta3liemshop.com\/fr\/wp-json\/wp\/v2\/comments?post=26152"}],"version-history":[{"count":0,"href":"https:\/\/ta3liemshop.com\/fr\/wp-json\/wp\/v2\/product\/26152\/revisions"}],"wp:featuredmedia":[{"embeddable":true,"href":"https:\/\/ta3liemshop.com\/fr\/wp-json\/wp\/v2\/media\/26153"}],"wp:attachment":[{"href":"https:\/\/ta3liemshop.com\/fr\/wp-json\/wp\/v2\/media?parent=26152"}],"wp:term":[{"taxonomy":"product_brand","embeddable":true,"href":"https:\/\/ta3liemshop.com\/fr\/wp-json\/wp\/v2\/product_brand?post=26152"},{"taxonomy":"product_cat","embeddable":true,"href":"https:\/\/ta3liemshop.com\/fr\/wp-json\/wp\/v2\/product_cat?post=26152"},{"taxonomy":"product_tag","embeddable":true,"href":"https:\/\/ta3liemshop.com\/fr\/wp-json\/wp\/v2\/product_tag?post=26152"}],"curies":[{"name":"wp","href":"https:\/\/api.w.org\/{rel}","templated":true}]}}