{"id":26217,"date":"2023-08-23T13:08:09","date_gmt":"2023-08-23T13:08:09","guid":{"rendered":"https:\/\/ta3liemshop.com\/product\/al-tasis-al-motakamil-livre-de-al-sukoon-al-tanwin-et-al-shadda-niveau-trois-3\/"},"modified":"2023-08-23T13:08:09","modified_gmt":"2023-08-23T13:08:09","slug":"al-tasis-al-motakamil-livre-de-al-sukoon-al-tanwin-et-al-shadda-niveau-trois-3","status":"publish","type":"product","link":"https:\/\/ta3liemshop.com\/fr\/product\/al-tasis-al-motakamil-livre-de-al-sukoon-al-tanwin-et-al-shadda-niveau-trois-3\/","title":{"rendered":"Al-Tasis Al-Motakamil Livre de Al-Sukoon, Al-Tanwin et Al-Shadda \u2013 Niveau Trois (3)"},"content":{"rendered":"<p>Dans ce livre, nous apprenons la prononciation des consonnes, d\u00e9couvrons les diff\u00e9rentes formes des signes diacritiques (tanween) et distinguons ces signes de la lettre originale &lsquo;n&rsquo;. Nous apprenons \u00e9galement les r\u00e8gles de renforcement et la bonne prononciation des consonnes doubles. De plus, nous pratiquons la composition, la lecture et l&rsquo;\u00e9criture d&rsquo;un vocabulaire \u00e9tendu de plus de 800 mots, soutenu par des illustrations et des comp\u00e9tences interactives.  <\/p>\n","protected":false},"excerpt":{"rendered":"<p>Dans ce livre, nous apprenons la prononciation des consonnes, d\u00e9couvrons les diff\u00e9rentes formes des signes diacritiques (tanween) et distinguons ces<\/p>\n","protected":false},"featured_media":26218,"comment_status":"open","ping_status":"closed","template":"","meta":[],"product_brand":[],"product_cat":[513,540,532,530,538,510,511],"product_tag":[],"class_list":{"0":"post-26217","1":"product","2":"type-product","3":"status-publish","4":"has-post-thumbnail","6":"product_cat-al-tasis-al-motakamil","7":"product_cat-al-tasis-al-motakamil-pour-adultes","8":"product_cat-al-tasis-al-motakamil-etudiant","9":"product_cat-etudiant-6-12-ans","10":"product_cat-pour-adultes","11":"product_cat-programmes-detudes-arabes","12":"product_cat-rechercher-par-methode-denseignement","14":"first","15":"instock","16":"shipping-taxable","17":"purchasable","18":"product-type-simple"},"_links":{"self":[{"href":"https:\/\/ta3liemshop.com\/fr\/wp-json\/wp\/v2\/product\/26217","targetHints":{"allow":["GET"]}}],"collection":[{"href":"https:\/\/ta3liemshop.com\/fr\/wp-json\/wp\/v2\/product"}],"about":[{"href":"https:\/\/ta3liemshop.com\/fr\/wp-json\/wp\/v2\/types\/product"}],"replies":[{"embeddable":true,"href":"https:\/\/ta3liemshop.com\/fr\/wp-json\/wp\/v2\/comments?post=26217"}],"version-history":[{"count":0,"href":"https:\/\/ta3liemshop.com\/fr\/wp-json\/wp\/v2\/product\/26217\/revisions"}],"wp:featuredmedia":[{"embeddable":true,"href":"https:\/\/ta3liemshop.com\/fr\/wp-json\/wp\/v2\/media\/26218"}],"wp:attachment":[{"href":"https:\/\/ta3liemshop.com\/fr\/wp-json\/wp\/v2\/media?parent=26217"}],"wp:term":[{"taxonomy":"product_brand","embeddable":true,"href":"https:\/\/ta3liemshop.com\/fr\/wp-json\/wp\/v2\/product_brand?post=26217"},{"taxonomy":"product_cat","embeddable":true,"href":"https:\/\/ta3liemshop.com\/fr\/wp-json\/wp\/v2\/product_cat?post=26217"},{"taxonomy":"product_tag","embeddable":true,"href":"https:\/\/ta3liemshop.com\/fr\/wp-json\/wp\/v2\/product_tag?post=26217"}],"curies":[{"name":"wp","href":"https:\/\/api.w.org\/{rel}","templated":true}]}}