{"id":26628,"date":"2023-08-18T13:02:51","date_gmt":"2023-08-18T13:02:51","guid":{"rendered":"https:\/\/ta3liemshop.com\/product\/al-mostakbal-serie-enseignement-de-la-lecture-et-de-lecriture-niveau-preparatoire-un-1\/"},"modified":"2023-08-18T13:02:51","modified_gmt":"2023-08-18T13:02:51","slug":"al-mostakbal-serie-enseignement-de-la-lecture-et-de-lecriture-niveau-preparatoire-un-1","status":"publish","type":"product","link":"https:\/\/ta3liemshop.com\/fr\/product\/al-mostakbal-serie-enseignement-de-la-lecture-et-de-lecriture-niveau-preparatoire-un-1\/","title":{"rendered":"Al-Mostakbal S\u00e9rie Enseignement de la Lecture et de l&rsquo;\u00c9criture &#8211; Niveau Pr\u00e9paratoire Un (1)"},"content":{"rendered":"<p>Al-Mostakbal S\u00e9rie Enseignement de la Lecture et de l&rsquo;\u00c9criture &#8211; Niveau Pr\u00e9paratoire Un (1)<\/p>\n<p>Une s\u00e9rie \u00e9ducative int\u00e9gr\u00e9e, bas\u00e9e sur des fondements scientifiques qui r\u00e9pondent aux sp\u00e9cifications des manuels scolaires modernes.<\/p>\n<p>Programmes d&rsquo;\u00e9tudes modernes et faciles qui tiennent compte des tendances psychologiques, intellectuelles et culturelles de l&rsquo;\u00e9l\u00e8ve.<\/p>\n<p>L&rsquo;utilisation de la technologie du stylo parlant pour faciliter l&rsquo;apprentissage, de sorte que le son soit directement int\u00e9gr\u00e9 dans le texte, ce qui simplifie le processus d&rsquo;apprentissage autonome pour nos enfants.<\/p>\n","protected":false},"excerpt":{"rendered":"<p>Al-Mostakbal S\u00e9rie Enseignement de la Lecture et de l&rsquo;\u00c9criture &#8211; Niveau Pr\u00e9paratoire Un (1) Une s\u00e9rie \u00e9ducative int\u00e9gr\u00e9e, bas\u00e9e sur<\/p>\n","protected":false},"featured_media":26629,"comment_status":"open","ping_status":"closed","template":"","meta":[],"product_brand":[],"product_cat":[536,527,517,530,523,510,511],"product_tag":[],"class_list":{"0":"post-26628","1":"product","2":"type-product","3":"status-publish","4":"has-post-thumbnail","6":"product_cat-al-mostakbal-etudiant","7":"product_cat-al-mostakbal-prescolaire","8":"product_cat-digital-future","9":"product_cat-etudiant-6-12-ans","10":"product_cat-prescolaire-3-5-ans","11":"product_cat-programmes-detudes-arabes","12":"product_cat-rechercher-par-methode-denseignement","14":"first","15":"instock","16":"shipping-taxable","17":"purchasable","18":"product-type-simple"},"_links":{"self":[{"href":"https:\/\/ta3liemshop.com\/fr\/wp-json\/wp\/v2\/product\/26628","targetHints":{"allow":["GET"]}}],"collection":[{"href":"https:\/\/ta3liemshop.com\/fr\/wp-json\/wp\/v2\/product"}],"about":[{"href":"https:\/\/ta3liemshop.com\/fr\/wp-json\/wp\/v2\/types\/product"}],"replies":[{"embeddable":true,"href":"https:\/\/ta3liemshop.com\/fr\/wp-json\/wp\/v2\/comments?post=26628"}],"version-history":[{"count":0,"href":"https:\/\/ta3liemshop.com\/fr\/wp-json\/wp\/v2\/product\/26628\/revisions"}],"wp:featuredmedia":[{"embeddable":true,"href":"https:\/\/ta3liemshop.com\/fr\/wp-json\/wp\/v2\/media\/26629"}],"wp:attachment":[{"href":"https:\/\/ta3liemshop.com\/fr\/wp-json\/wp\/v2\/media?parent=26628"}],"wp:term":[{"taxonomy":"product_brand","embeddable":true,"href":"https:\/\/ta3liemshop.com\/fr\/wp-json\/wp\/v2\/product_brand?post=26628"},{"taxonomy":"product_cat","embeddable":true,"href":"https:\/\/ta3liemshop.com\/fr\/wp-json\/wp\/v2\/product_cat?post=26628"},{"taxonomy":"product_tag","embeddable":true,"href":"https:\/\/ta3liemshop.com\/fr\/wp-json\/wp\/v2\/product_tag?post=26628"}],"curies":[{"name":"wp","href":"https:\/\/api.w.org\/{rel}","templated":true}]}}